{"id":4718,"date":"2024-09-05T10:37:28","date_gmt":"2024-09-05T08:37:28","guid":{"rendered":"https:\/\/darkgoldenrod-duck-705057.hostingersite.com\/?post_type=product&#038;p=4718"},"modified":"2024-09-05T11:46:52","modified_gmt":"2024-09-05T09:46:52","slug":"vinas-de-oro-pisco-puro-italia","status":"publish","type":"product","link":"https:\/\/ipanema-spirits.com\/de\/shop\/product\/vinas-de-oro-pisco-puro-italia\/","title":{"rendered":"Vinas de Oro, Pisco Puro Italia"},"content":{"rendered":"<p><strong>Herkunft<\/strong>: Peru<br \/>\n<strong>Reifungsprozess<\/strong>: Keine Reifung<br \/>\n<strong>Alkoholgehalt<\/strong>: 41% vol<br \/>\n<strong>Volume<\/strong>: 0,7 Liter<\/p>","protected":false},"excerpt":{"rendered":"<p>Vi\u00f1as de Oro Pisco Italia wird aus 100% Italia-Trauben hergestellt, die sorgf\u00e4ltig in den eigenen Weinbergen der Brennerei unter strenger Kontrolle kultiviert werden. Dieser meisterhaft ausgewogene aromatische Pisco Puro ist die klassische Wahl f\u00fcr den Cocktail Pisco Punch. Pisco Italia verw\u00f6hnt die Sinne mit einem nat\u00fcrlich frischen Bouquet aus Zitrusbl\u00fcten und Jasmin. Diese werden st\u00e4ndig von fruchtigen Noten wie Mango und Ananas erg\u00e4nzt. Am Gaumen entfaltet sich eine harmonische Mischung aus tropischen Fruchtaromen, mit einem sanften Hauch von Zitrusfr\u00fcchten. Der elegante Abgang ist geschmeidig und rund, mit Nuancen von Honig und wei\u00dfen Rosinen.<\/p>","protected":false},"featured_media":4719,"comment_status":"open","ping_status":"closed","template":"","meta":[],"product_brand":[],"product_cat":[75],"product_tag":[],"class_list":{"0":"post-4718","1":"product","2":"type-product","3":"status-publish","4":"has-post-thumbnail","6":"product_cat-pisco","8":"first","9":"instock","10":"taxable","11":"shipping-taxable","12":"purchasable","13":"product-type-simple"},"yoast_head":"<!-- This site is optimized with the Yoast SEO plugin v24.7 - https:\/\/yoast.com\/wordpress\/plugins\/seo\/ -->\n<title>Vinas de Oro, Pisco Puro Italia - Ipanema Spirits<\/title>\n<meta name=\"robots\" content=\"index, follow, max-snippet:-1, max-image-preview:large, max-video-preview:-1\" \/>\n<link rel=\"canonical\" href=\"https:\/\/ipanema-spirits.com\/de\/shop\/product\/vinas-de-oro-pisco-puro-italia\/\" \/>\n<meta property=\"og:locale\" content=\"de_DE\" \/>\n<meta property=\"og:type\" content=\"article\" \/>\n<meta property=\"og:title\" content=\"Vinas de Oro, Pisco Puro Italia - Ipanema Spirits\" \/>\n<meta property=\"og:description\" content=\"Vi\u00f1as de Oro Pisco Italia wird aus 100% Italia-Trauben hergestellt, die sorgf\u00e4ltig in den eigenen Weinbergen der Brennerei unter strenger Kontrolle kultiviert werden. Dieser meisterhaft ausgewogene aromatische Pisco Puro ist die klassische Wahl f\u00fcr den Cocktail Pisco Punch. Pisco Italia verw\u00f6hnt die Sinne mit einem nat\u00fcrlich frischen Bouquet aus Zitrusbl\u00fcten und Jasmin. Diese werden st\u00e4ndig von fruchtigen Noten wie Mango und Ananas erg\u00e4nzt. Am Gaumen entfaltet sich eine harmonische Mischung aus tropischen Fruchtaromen, mit einem sanften Hauch von Zitrusfr\u00fcchten. Der elegante Abgang ist geschmeidig und rund, mit Nuancen von Honig und wei\u00dfen Rosinen.\" \/>\n<meta property=\"og:url\" content=\"https:\/\/ipanema-spirits.com\/de\/shop\/product\/vinas-de-oro-pisco-puro-italia\/\" \/>\n<meta property=\"og:site_name\" content=\"Ipanema Spirits\" \/>\n<meta property=\"article:modified_time\" content=\"2024-09-05T09:46:52+00:00\" \/>\n<meta property=\"og:image\" content=\"https:\/\/ipanema-spirits.com\/wp-content\/uploads\/2024\/09\/Screenshot-2024-09-05-at-10.32.41.png\" \/>\n\t<meta property=\"og:image:width\" content=\"666\" \/>\n\t<meta property=\"og:image:height\" content=\"1004\" \/>\n\t<meta property=\"og:image:type\" content=\"image\/png\" \/>\n<meta name=\"twitter:card\" content=\"summary_large_image\" \/>\n<meta name=\"twitter:label1\" content=\"Gesch\u00e4tzte Lesezeit\" \/>\n\t<meta name=\"twitter:data1\" content=\"1\u00a0Minute\" \/>\n<script type=\"application\/ld+json\" class=\"yoast-schema-graph\">{\"@context\":\"https:\/\/schema.org\",\"@graph\":[{\"@type\":\"WebPage\",\"@id\":\"https:\/\/ipanema-spirits.com\/shop\/product\/vinas-de-oro-pisco-puro-italia\/\",\"url\":\"https:\/\/ipanema-spirits.com\/shop\/product\/vinas-de-oro-pisco-puro-italia\/\",\"name\":\"Vinas de Oro, Pisco Puro Italia - Ipanema Spirits\",\"isPartOf\":{\"@id\":\"https:\/\/ipanema-spirits.com\/#website\"},\"primaryImageOfPage\":{\"@id\":\"https:\/\/ipanema-spirits.com\/shop\/product\/vinas-de-oro-pisco-puro-italia\/#primaryimage\"},\"image\":{\"@id\":\"https:\/\/ipanema-spirits.com\/shop\/product\/vinas-de-oro-pisco-puro-italia\/#primaryimage\"},\"thumbnailUrl\":\"https:\/\/ipanema-spirits.com\/wp-content\/uploads\/2024\/09\/Screenshot-2024-09-05-at-10.32.41.png\",\"datePublished\":\"2024-09-05T08:37:28+00:00\",\"dateModified\":\"2024-09-05T09:46:52+00:00\",\"breadcrumb\":{\"@id\":\"https:\/\/ipanema-spirits.com\/shop\/product\/vinas-de-oro-pisco-puro-italia\/#breadcrumb\"},\"inLanguage\":\"de\",\"potentialAction\":[{\"@type\":\"ReadAction\",\"target\":[\"https:\/\/ipanema-spirits.com\/shop\/product\/vinas-de-oro-pisco-puro-italia\/\"]}]},{\"@type\":\"ImageObject\",\"inLanguage\":\"de\",\"@id\":\"https:\/\/ipanema-spirits.com\/shop\/product\/vinas-de-oro-pisco-puro-italia\/#primaryimage\",\"url\":\"https:\/\/ipanema-spirits.com\/wp-content\/uploads\/2024\/09\/Screenshot-2024-09-05-at-10.32.41.png\",\"contentUrl\":\"https:\/\/ipanema-spirits.com\/wp-content\/uploads\/2024\/09\/Screenshot-2024-09-05-at-10.32.41.png\",\"width\":666,\"height\":1004},{\"@type\":\"BreadcrumbList\",\"@id\":\"https:\/\/ipanema-spirits.com\/shop\/product\/vinas-de-oro-pisco-puro-italia\/#breadcrumb\",\"itemListElement\":[{\"@type\":\"ListItem\",\"position\":1,\"name\":\"In\u00edcio\",\"item\":\"https:\/\/ipanema-spirits.com\/\"},{\"@type\":\"ListItem\",\"position\":2,\"name\":\"Shop\",\"item\":\"https:\/\/ipanema-spirits.com\/de\/?page_id=4218\"},{\"@type\":\"ListItem\",\"position\":3,\"name\":\"Vinas de Oro, Pisco Puro Italia\"}]},{\"@type\":\"WebSite\",\"@id\":\"https:\/\/ipanema-spirits.com\/#website\",\"url\":\"https:\/\/ipanema-spirits.com\/\",\"name\":\"Conviva Engenharia\",\"description\":\"Exclusive, Unique, High Quality\",\"publisher\":{\"@id\":\"https:\/\/ipanema-spirits.com\/#organization\"},\"potentialAction\":[{\"@type\":\"SearchAction\",\"target\":{\"@type\":\"EntryPoint\",\"urlTemplate\":\"https:\/\/ipanema-spirits.com\/?s={search_term_string}\"},\"query-input\":{\"@type\":\"PropertyValueSpecification\",\"valueRequired\":true,\"valueName\":\"search_term_string\"}}],\"inLanguage\":\"de\"},{\"@type\":\"Organization\",\"@id\":\"https:\/\/ipanema-spirits.com\/#organization\",\"name\":\"Conviva Engenharia\",\"url\":\"https:\/\/ipanema-spirits.com\/\",\"logo\":{\"@type\":\"ImageObject\",\"inLanguage\":\"de\",\"@id\":\"https:\/\/ipanema-spirits.com\/#\/schema\/logo\/image\/\",\"url\":\"https:\/\/ipanema.idlab.art.br\/wp-content\/uploads\/2024\/05\/favicon.svg\",\"contentUrl\":\"https:\/\/ipanema.idlab.art.br\/wp-content\/uploads\/2024\/05\/favicon.svg\",\"width\":512,\"height\":512,\"caption\":\"Conviva Engenharia\"},\"image\":{\"@id\":\"https:\/\/ipanema-spirits.com\/#\/schema\/logo\/image\/\"}}]}<\/script>\n<!-- \/ Yoast SEO plugin. -->","yoast_head_json":{"title":"Vinas de Oro, Pisco Puro Italia - Ipanema Spirits","robots":{"index":"index","follow":"follow","max-snippet":"max-snippet:-1","max-image-preview":"max-image-preview:large","max-video-preview":"max-video-preview:-1"},"canonical":"https:\/\/ipanema-spirits.com\/de\/shop\/product\/vinas-de-oro-pisco-puro-italia\/","og_locale":"de_DE","og_type":"article","og_title":"Vinas de Oro, Pisco Puro Italia - Ipanema Spirits","og_description":"Vi\u00f1as de Oro Pisco Italia wird aus 100% Italia-Trauben hergestellt, die sorgf\u00e4ltig in den eigenen Weinbergen der Brennerei unter strenger Kontrolle kultiviert werden. Dieser meisterhaft ausgewogene aromatische Pisco Puro ist die klassische Wahl f\u00fcr den Cocktail Pisco Punch. Pisco Italia verw\u00f6hnt die Sinne mit einem nat\u00fcrlich frischen Bouquet aus Zitrusbl\u00fcten und Jasmin. Diese werden st\u00e4ndig von fruchtigen Noten wie Mango und Ananas erg\u00e4nzt. Am Gaumen entfaltet sich eine harmonische Mischung aus tropischen Fruchtaromen, mit einem sanften Hauch von Zitrusfr\u00fcchten. Der elegante Abgang ist geschmeidig und rund, mit Nuancen von Honig und wei\u00dfen Rosinen.","og_url":"https:\/\/ipanema-spirits.com\/de\/shop\/product\/vinas-de-oro-pisco-puro-italia\/","og_site_name":"Ipanema Spirits","article_modified_time":"2024-09-05T09:46:52+00:00","og_image":[{"width":666,"height":1004,"url":"https:\/\/ipanema-spirits.com\/wp-content\/uploads\/2024\/09\/Screenshot-2024-09-05-at-10.32.41.png","type":"image\/png"}],"twitter_card":"summary_large_image","twitter_misc":{"Gesch\u00e4tzte Lesezeit":"1\u00a0Minute"},"schema":{"@context":"https:\/\/schema.org","@graph":[{"@type":"WebPage","@id":"https:\/\/ipanema-spirits.com\/shop\/product\/vinas-de-oro-pisco-puro-italia\/","url":"https:\/\/ipanema-spirits.com\/shop\/product\/vinas-de-oro-pisco-puro-italia\/","name":"Vinas de Oro, Pisco Puro Italia - Ipanema Spirits","isPartOf":{"@id":"https:\/\/ipanema-spirits.com\/#website"},"primaryImageOfPage":{"@id":"https:\/\/ipanema-spirits.com\/shop\/product\/vinas-de-oro-pisco-puro-italia\/#primaryimage"},"image":{"@id":"https:\/\/ipanema-spirits.com\/shop\/product\/vinas-de-oro-pisco-puro-italia\/#primaryimage"},"thumbnailUrl":"https:\/\/ipanema-spirits.com\/wp-content\/uploads\/2024\/09\/Screenshot-2024-09-05-at-10.32.41.png","datePublished":"2024-09-05T08:37:28+00:00","dateModified":"2024-09-05T09:46:52+00:00","breadcrumb":{"@id":"https:\/\/ipanema-spirits.com\/shop\/product\/vinas-de-oro-pisco-puro-italia\/#breadcrumb"},"inLanguage":"de","potentialAction":[{"@type":"ReadAction","target":["https:\/\/ipanema-spirits.com\/shop\/product\/vinas-de-oro-pisco-puro-italia\/"]}]},{"@type":"ImageObject","inLanguage":"de","@id":"https:\/\/ipanema-spirits.com\/shop\/product\/vinas-de-oro-pisco-puro-italia\/#primaryimage","url":"https:\/\/ipanema-spirits.com\/wp-content\/uploads\/2024\/09\/Screenshot-2024-09-05-at-10.32.41.png","contentUrl":"https:\/\/ipanema-spirits.com\/wp-content\/uploads\/2024\/09\/Screenshot-2024-09-05-at-10.32.41.png","width":666,"height":1004},{"@type":"BreadcrumbList","@id":"https:\/\/ipanema-spirits.com\/shop\/product\/vinas-de-oro-pisco-puro-italia\/#breadcrumb","itemListElement":[{"@type":"ListItem","position":1,"name":"In\u00edcio","item":"https:\/\/ipanema-spirits.com\/"},{"@type":"ListItem","position":2,"name":"Shop","item":"https:\/\/ipanema-spirits.com\/de\/?page_id=4218"},{"@type":"ListItem","position":3,"name":"Vinas de Oro, Pisco Puro Italia"}]},{"@type":"WebSite","@id":"https:\/\/ipanema-spirits.com\/#website","url":"https:\/\/ipanema-spirits.com\/","name":"Conviva Engenharia","description":"Exclusive, Unique, High Quality","publisher":{"@id":"https:\/\/ipanema-spirits.com\/#organization"},"potentialAction":[{"@type":"SearchAction","target":{"@type":"EntryPoint","urlTemplate":"https:\/\/ipanema-spirits.com\/?s={search_term_string}"},"query-input":{"@type":"PropertyValueSpecification","valueRequired":true,"valueName":"search_term_string"}}],"inLanguage":"de"},{"@type":"Organization","@id":"https:\/\/ipanema-spirits.com\/#organization","name":"Conviva Engenharia","url":"https:\/\/ipanema-spirits.com\/","logo":{"@type":"ImageObject","inLanguage":"de","@id":"https:\/\/ipanema-spirits.com\/#\/schema\/logo\/image\/","url":"https:\/\/ipanema.idlab.art.br\/wp-content\/uploads\/2024\/05\/favicon.svg","contentUrl":"https:\/\/ipanema.idlab.art.br\/wp-content\/uploads\/2024\/05\/favicon.svg","width":512,"height":512,"caption":"Conviva Engenharia"},"image":{"@id":"https:\/\/ipanema-spirits.com\/#\/schema\/logo\/image\/"}}]}},"_links":{"self":[{"href":"https:\/\/ipanema-spirits.com\/de\/wp-json\/wp\/v2\/product\/4718","targetHints":{"allow":["GET"]}}],"collection":[{"href":"https:\/\/ipanema-spirits.com\/de\/wp-json\/wp\/v2\/product"}],"about":[{"href":"https:\/\/ipanema-spirits.com\/de\/wp-json\/wp\/v2\/types\/product"}],"replies":[{"embeddable":true,"href":"https:\/\/ipanema-spirits.com\/de\/wp-json\/wp\/v2\/comments?post=4718"}],"wp:featuredmedia":[{"embeddable":true,"href":"https:\/\/ipanema-spirits.com\/de\/wp-json\/wp\/v2\/media\/4719"}],"wp:attachment":[{"href":"https:\/\/ipanema-spirits.com\/de\/wp-json\/wp\/v2\/media?parent=4718"}],"wp:term":[{"taxonomy":"product_brand","embeddable":true,"href":"https:\/\/ipanema-spirits.com\/de\/wp-json\/wp\/v2\/product_brand?post=4718"},{"taxonomy":"product_cat","embeddable":true,"href":"https:\/\/ipanema-spirits.com\/de\/wp-json\/wp\/v2\/product_cat?post=4718"},{"taxonomy":"product_tag","embeddable":true,"href":"https:\/\/ipanema-spirits.com\/de\/wp-json\/wp\/v2\/product_tag?post=4718"}],"curies":[{"name":"wp","href":"https:\/\/api.w.org\/{rel}","templated":true}]}}