{"id":4716,"date":"2024-09-05T10:29:31","date_gmt":"2024-09-05T08:29:31","guid":{"rendered":"https:\/\/darkgoldenrod-duck-705057.hostingersite.com\/?post_type=product&#038;p=4716"},"modified":"2024-09-05T11:48:23","modified_gmt":"2024-09-05T09:48:23","slug":"vinas-de-oro-pisco-premium-quebranta-41","status":"publish","type":"product","link":"https:\/\/ipanema-spirits.com\/de\/shop\/product\/vinas-de-oro-pisco-premium-quebranta-41\/","title":{"rendered":"Vinas de Oro Pisco Premium Quebranta"},"content":{"rendered":"<p><strong>Herkunft<\/strong>: Peru<br \/>\n<strong>Reifungsprozess<\/strong>: Keine Reifung<br \/>\n<strong>Alkoholgehalt<\/strong>: 41% vol<br \/>\n<strong>Volume<\/strong>: 0,7 Liter<\/p>","protected":false},"excerpt":{"rendered":"<div class=\"flex max-w-full flex-col flex-grow\">\n<div class=\"min-h-[20px] text-message flex w-full flex-col items-end gap-2 break-words [.text-message+&amp;]:mt-5 overflow-x-auto whitespace-normal\" dir=\"auto\" data-message-author-role=\"assistant\" data-message-id=\"c48cd94c-470b-4447-8f33-e28a0b463bba\">\n<div class=\"flex w-full flex-col gap-1 empty:hidden first:pt-[3px]\">\n<div class=\"markdown prose w-full break-words dark:prose-invert light\">\n<p>Vinas de Oro Pisco Quebranta ist ein rebsortenreiner Pisco, der zu 100% aus Trauben der aromatischen Sorte Quebranta. F\u00fcr seine Herstellung muss auf viele Details geachtet werden, die die hohe Qualit\u00e4t des fertigen Produktes sicherstellen. Nach der Lese werden die ganzen Trauben eingemaischt und anschlie\u00dfend mit nat\u00fcrlicher Hefe vergoren. Die Destillation erfolgt in kupfernen Brennblasen und wird nur einmal vollzogen. Der Pisco wird sofort auf Trinkst\u00e4rke destilliert und ohne das Hinzuf\u00fcgen von Wasser auf die Flasche gezogen.<\/p>\n<p>Der fertige Vinas de Oro Quebranta ist ein exzellenter Pisco Puro, der sich ideale f\u00fcr den puren Genuss und die Herstellung von Cocktails eignet. Im Glas zeigt der Pisco eine kristallklare Farbe. Der Duft ist voller Noten frischer Fr\u00fcchte und heller Bl\u00fcten. Eine dezente Nussigkeit umspielt die Nase ebenfalls und sorgt so f\u00fcr ausdrucksstarke Komplexit\u00e4t. Am Gaumen zeigt sich ein wundervolles Mundgef\u00fchl. Mit einer dezenten s\u00fc\u00dfe umspielt der Pisco die Zunge und offenbart dabei einen fruchtigen und \u00fcberaus charmanten Charakter. Das Finale ist anhaltend und ebenfalls ausgesprochen fruchtig.<\/p>\n<\/div>\n<\/div>\n<\/div>\n<\/div>\n<div class=\"mt-1 flex gap-3 empty:hidden -ml-2\">\n<div class=\"items-center justify-start rounded-xl p-1 flex\">\n<div class=\"flex items-center\">\n<div class=\"flex\"><\/div>\n<div class=\"flex items-center pb-0\">\n<div class=\"[&amp;_svg]:h-full [&amp;_svg]:w-full icon-md h-4 w-4\"><\/div>\n<\/div>\n<\/div>\n<\/div>\n<\/div>","protected":false},"featured_media":4717,"comment_status":"open","ping_status":"closed","template":"","meta":[],"product_brand":[],"product_cat":[75],"product_tag":[],"class_list":{"0":"post-4716","1":"product","2":"type-product","3":"status-publish","4":"has-post-thumbnail","6":"product_cat-pisco","8":"first","9":"instock","10":"taxable","11":"shipping-taxable","12":"purchasable","13":"product-type-simple"},"yoast_head":"<!-- This site is optimized with the Yoast SEO plugin v24.7 - https:\/\/yoast.com\/wordpress\/plugins\/seo\/ -->\n<title>Vinas de Oro Pisco Premium Quebranta - Ipanema Spirits<\/title>\n<meta name=\"robots\" content=\"index, follow, max-snippet:-1, max-image-preview:large, max-video-preview:-1\" \/>\n<link rel=\"canonical\" href=\"https:\/\/ipanema-spirits.com\/de\/shop\/product\/vinas-de-oro-pisco-premium-quebranta-41\/\" \/>\n<meta property=\"og:locale\" content=\"de_DE\" \/>\n<meta property=\"og:type\" content=\"article\" \/>\n<meta property=\"og:title\" content=\"Vinas de Oro Pisco Premium Quebranta - Ipanema Spirits\" \/>\n<meta property=\"og:description\" content=\"Vinas de Oro Pisco Quebranta ist ein rebsortenreiner Pisco, der zu 100% aus Trauben der aromatischen Sorte Quebranta. F\u00fcr seine Herstellung muss auf viele Details geachtet werden, die die hohe Qualit\u00e4t des fertigen Produktes sicherstellen. Nach der Lese werden die ganzen Trauben eingemaischt und anschlie\u00dfend mit nat\u00fcrlicher Hefe vergoren. Die Destillation erfolgt in kupfernen Brennblasen und wird nur einmal vollzogen. Der Pisco wird sofort auf Trinkst\u00e4rke destilliert und ohne das Hinzuf\u00fcgen von Wasser auf die Flasche gezogen.  Der fertige Vinas de Oro Quebranta ist ein exzellenter Pisco Puro, der sich ideale f\u00fcr den puren Genuss und die Herstellung von Cocktails eignet. Im Glas zeigt der Pisco eine kristallklare Farbe. Der Duft ist voller Noten frischer Fr\u00fcchte und heller Bl\u00fcten. Eine dezente Nussigkeit umspielt die Nase ebenfalls und sorgt so f\u00fcr ausdrucksstarke Komplexit\u00e4t. Am Gaumen zeigt sich ein wundervolles Mundgef\u00fchl. Mit einer dezenten s\u00fc\u00dfe umspielt der Pisco die Zunge und offenbart dabei einen fruchtigen und \u00fcberaus charmanten Charakter. Das Finale ist anhaltend und ebenfalls ausgesprochen fruchtig.\" \/>\n<meta property=\"og:url\" content=\"https:\/\/ipanema-spirits.com\/de\/shop\/product\/vinas-de-oro-pisco-premium-quebranta-41\/\" \/>\n<meta property=\"og:site_name\" content=\"Ipanema Spirits\" \/>\n<meta property=\"article:modified_time\" content=\"2024-09-05T09:48:23+00:00\" \/>\n<meta property=\"og:image\" content=\"https:\/\/ipanema-spirits.com\/wp-content\/uploads\/2024\/09\/design-ohne-titel-105-png_580x580.png\" \/>\n\t<meta property=\"og:image:width\" content=\"580\" \/>\n\t<meta property=\"og:image:height\" content=\"580\" \/>\n\t<meta property=\"og:image:type\" content=\"image\/png\" \/>\n<meta name=\"twitter:card\" content=\"summary_large_image\" \/>\n<meta name=\"twitter:label1\" content=\"Gesch\u00e4tzte Lesezeit\" \/>\n\t<meta name=\"twitter:data1\" content=\"1\u00a0Minute\" \/>\n<script type=\"application\/ld+json\" class=\"yoast-schema-graph\">{\"@context\":\"https:\/\/schema.org\",\"@graph\":[{\"@type\":\"WebPage\",\"@id\":\"https:\/\/ipanema-spirits.com\/shop\/product\/vinas-de-oro-pisco-premium-quebranta-41\/\",\"url\":\"https:\/\/ipanema-spirits.com\/shop\/product\/vinas-de-oro-pisco-premium-quebranta-41\/\",\"name\":\"Vinas de Oro Pisco Premium Quebranta - Ipanema Spirits\",\"isPartOf\":{\"@id\":\"https:\/\/ipanema-spirits.com\/#website\"},\"primaryImageOfPage\":{\"@id\":\"https:\/\/ipanema-spirits.com\/shop\/product\/vinas-de-oro-pisco-premium-quebranta-41\/#primaryimage\"},\"image\":{\"@id\":\"https:\/\/ipanema-spirits.com\/shop\/product\/vinas-de-oro-pisco-premium-quebranta-41\/#primaryimage\"},\"thumbnailUrl\":\"https:\/\/ipanema-spirits.com\/wp-content\/uploads\/2024\/09\/design-ohne-titel-105-png_580x580.png\",\"datePublished\":\"2024-09-05T08:29:31+00:00\",\"dateModified\":\"2024-09-05T09:48:23+00:00\",\"breadcrumb\":{\"@id\":\"https:\/\/ipanema-spirits.com\/shop\/product\/vinas-de-oro-pisco-premium-quebranta-41\/#breadcrumb\"},\"inLanguage\":\"de\",\"potentialAction\":[{\"@type\":\"ReadAction\",\"target\":[\"https:\/\/ipanema-spirits.com\/shop\/product\/vinas-de-oro-pisco-premium-quebranta-41\/\"]}]},{\"@type\":\"ImageObject\",\"inLanguage\":\"de\",\"@id\":\"https:\/\/ipanema-spirits.com\/shop\/product\/vinas-de-oro-pisco-premium-quebranta-41\/#primaryimage\",\"url\":\"https:\/\/ipanema-spirits.com\/wp-content\/uploads\/2024\/09\/design-ohne-titel-105-png_580x580.png\",\"contentUrl\":\"https:\/\/ipanema-spirits.com\/wp-content\/uploads\/2024\/09\/design-ohne-titel-105-png_580x580.png\",\"width\":580,\"height\":580},{\"@type\":\"BreadcrumbList\",\"@id\":\"https:\/\/ipanema-spirits.com\/shop\/product\/vinas-de-oro-pisco-premium-quebranta-41\/#breadcrumb\",\"itemListElement\":[{\"@type\":\"ListItem\",\"position\":1,\"name\":\"In\u00edcio\",\"item\":\"https:\/\/ipanema-spirits.com\/\"},{\"@type\":\"ListItem\",\"position\":2,\"name\":\"Shop\",\"item\":\"https:\/\/ipanema-spirits.com\/de\/?page_id=4218\"},{\"@type\":\"ListItem\",\"position\":3,\"name\":\"Vinas de Oro Pisco Premium Quebranta\"}]},{\"@type\":\"WebSite\",\"@id\":\"https:\/\/ipanema-spirits.com\/#website\",\"url\":\"https:\/\/ipanema-spirits.com\/\",\"name\":\"Conviva Engenharia\",\"description\":\"Exclusive, Unique, High Quality\",\"publisher\":{\"@id\":\"https:\/\/ipanema-spirits.com\/#organization\"},\"potentialAction\":[{\"@type\":\"SearchAction\",\"target\":{\"@type\":\"EntryPoint\",\"urlTemplate\":\"https:\/\/ipanema-spirits.com\/?s={search_term_string}\"},\"query-input\":{\"@type\":\"PropertyValueSpecification\",\"valueRequired\":true,\"valueName\":\"search_term_string\"}}],\"inLanguage\":\"de\"},{\"@type\":\"Organization\",\"@id\":\"https:\/\/ipanema-spirits.com\/#organization\",\"name\":\"Conviva Engenharia\",\"url\":\"https:\/\/ipanema-spirits.com\/\",\"logo\":{\"@type\":\"ImageObject\",\"inLanguage\":\"de\",\"@id\":\"https:\/\/ipanema-spirits.com\/#\/schema\/logo\/image\/\",\"url\":\"https:\/\/ipanema.idlab.art.br\/wp-content\/uploads\/2024\/05\/favicon.svg\",\"contentUrl\":\"https:\/\/ipanema.idlab.art.br\/wp-content\/uploads\/2024\/05\/favicon.svg\",\"width\":512,\"height\":512,\"caption\":\"Conviva Engenharia\"},\"image\":{\"@id\":\"https:\/\/ipanema-spirits.com\/#\/schema\/logo\/image\/\"}}]}<\/script>\n<!-- \/ Yoast SEO plugin. -->","yoast_head_json":{"title":"Vinas de Oro Pisco Premium Quebranta - Ipanema Spirits","robots":{"index":"index","follow":"follow","max-snippet":"max-snippet:-1","max-image-preview":"max-image-preview:large","max-video-preview":"max-video-preview:-1"},"canonical":"https:\/\/ipanema-spirits.com\/de\/shop\/product\/vinas-de-oro-pisco-premium-quebranta-41\/","og_locale":"de_DE","og_type":"article","og_title":"Vinas de Oro Pisco Premium Quebranta - Ipanema Spirits","og_description":"Vinas de Oro Pisco Quebranta ist ein rebsortenreiner Pisco, der zu 100% aus Trauben der aromatischen Sorte Quebranta. F\u00fcr seine Herstellung muss auf viele Details geachtet werden, die die hohe Qualit\u00e4t des fertigen Produktes sicherstellen. Nach der Lese werden die ganzen Trauben eingemaischt und anschlie\u00dfend mit nat\u00fcrlicher Hefe vergoren. Die Destillation erfolgt in kupfernen Brennblasen und wird nur einmal vollzogen. Der Pisco wird sofort auf Trinkst\u00e4rke destilliert und ohne das Hinzuf\u00fcgen von Wasser auf die Flasche gezogen.  Der fertige Vinas de Oro Quebranta ist ein exzellenter Pisco Puro, der sich ideale f\u00fcr den puren Genuss und die Herstellung von Cocktails eignet. Im Glas zeigt der Pisco eine kristallklare Farbe. Der Duft ist voller Noten frischer Fr\u00fcchte und heller Bl\u00fcten. Eine dezente Nussigkeit umspielt die Nase ebenfalls und sorgt so f\u00fcr ausdrucksstarke Komplexit\u00e4t. Am Gaumen zeigt sich ein wundervolles Mundgef\u00fchl. Mit einer dezenten s\u00fc\u00dfe umspielt der Pisco die Zunge und offenbart dabei einen fruchtigen und \u00fcberaus charmanten Charakter. Das Finale ist anhaltend und ebenfalls ausgesprochen fruchtig.","og_url":"https:\/\/ipanema-spirits.com\/de\/shop\/product\/vinas-de-oro-pisco-premium-quebranta-41\/","og_site_name":"Ipanema Spirits","article_modified_time":"2024-09-05T09:48:23+00:00","og_image":[{"width":580,"height":580,"url":"https:\/\/ipanema-spirits.com\/wp-content\/uploads\/2024\/09\/design-ohne-titel-105-png_580x580.png","type":"image\/png"}],"twitter_card":"summary_large_image","twitter_misc":{"Gesch\u00e4tzte Lesezeit":"1\u00a0Minute"},"schema":{"@context":"https:\/\/schema.org","@graph":[{"@type":"WebPage","@id":"https:\/\/ipanema-spirits.com\/shop\/product\/vinas-de-oro-pisco-premium-quebranta-41\/","url":"https:\/\/ipanema-spirits.com\/shop\/product\/vinas-de-oro-pisco-premium-quebranta-41\/","name":"Vinas de Oro Pisco Premium Quebranta - Ipanema Spirits","isPartOf":{"@id":"https:\/\/ipanema-spirits.com\/#website"},"primaryImageOfPage":{"@id":"https:\/\/ipanema-spirits.com\/shop\/product\/vinas-de-oro-pisco-premium-quebranta-41\/#primaryimage"},"image":{"@id":"https:\/\/ipanema-spirits.com\/shop\/product\/vinas-de-oro-pisco-premium-quebranta-41\/#primaryimage"},"thumbnailUrl":"https:\/\/ipanema-spirits.com\/wp-content\/uploads\/2024\/09\/design-ohne-titel-105-png_580x580.png","datePublished":"2024-09-05T08:29:31+00:00","dateModified":"2024-09-05T09:48:23+00:00","breadcrumb":{"@id":"https:\/\/ipanema-spirits.com\/shop\/product\/vinas-de-oro-pisco-premium-quebranta-41\/#breadcrumb"},"inLanguage":"de","potentialAction":[{"@type":"ReadAction","target":["https:\/\/ipanema-spirits.com\/shop\/product\/vinas-de-oro-pisco-premium-quebranta-41\/"]}]},{"@type":"ImageObject","inLanguage":"de","@id":"https:\/\/ipanema-spirits.com\/shop\/product\/vinas-de-oro-pisco-premium-quebranta-41\/#primaryimage","url":"https:\/\/ipanema-spirits.com\/wp-content\/uploads\/2024\/09\/design-ohne-titel-105-png_580x580.png","contentUrl":"https:\/\/ipanema-spirits.com\/wp-content\/uploads\/2024\/09\/design-ohne-titel-105-png_580x580.png","width":580,"height":580},{"@type":"BreadcrumbList","@id":"https:\/\/ipanema-spirits.com\/shop\/product\/vinas-de-oro-pisco-premium-quebranta-41\/#breadcrumb","itemListElement":[{"@type":"ListItem","position":1,"name":"In\u00edcio","item":"https:\/\/ipanema-spirits.com\/"},{"@type":"ListItem","position":2,"name":"Shop","item":"https:\/\/ipanema-spirits.com\/de\/?page_id=4218"},{"@type":"ListItem","position":3,"name":"Vinas de Oro Pisco Premium Quebranta"}]},{"@type":"WebSite","@id":"https:\/\/ipanema-spirits.com\/#website","url":"https:\/\/ipanema-spirits.com\/","name":"Conviva Engenharia","description":"Exclusive, Unique, High Quality","publisher":{"@id":"https:\/\/ipanema-spirits.com\/#organization"},"potentialAction":[{"@type":"SearchAction","target":{"@type":"EntryPoint","urlTemplate":"https:\/\/ipanema-spirits.com\/?s={search_term_string}"},"query-input":{"@type":"PropertyValueSpecification","valueRequired":true,"valueName":"search_term_string"}}],"inLanguage":"de"},{"@type":"Organization","@id":"https:\/\/ipanema-spirits.com\/#organization","name":"Conviva Engenharia","url":"https:\/\/ipanema-spirits.com\/","logo":{"@type":"ImageObject","inLanguage":"de","@id":"https:\/\/ipanema-spirits.com\/#\/schema\/logo\/image\/","url":"https:\/\/ipanema.idlab.art.br\/wp-content\/uploads\/2024\/05\/favicon.svg","contentUrl":"https:\/\/ipanema.idlab.art.br\/wp-content\/uploads\/2024\/05\/favicon.svg","width":512,"height":512,"caption":"Conviva Engenharia"},"image":{"@id":"https:\/\/ipanema-spirits.com\/#\/schema\/logo\/image\/"}}]}},"_links":{"self":[{"href":"https:\/\/ipanema-spirits.com\/de\/wp-json\/wp\/v2\/product\/4716","targetHints":{"allow":["GET"]}}],"collection":[{"href":"https:\/\/ipanema-spirits.com\/de\/wp-json\/wp\/v2\/product"}],"about":[{"href":"https:\/\/ipanema-spirits.com\/de\/wp-json\/wp\/v2\/types\/product"}],"replies":[{"embeddable":true,"href":"https:\/\/ipanema-spirits.com\/de\/wp-json\/wp\/v2\/comments?post=4716"}],"wp:featuredmedia":[{"embeddable":true,"href":"https:\/\/ipanema-spirits.com\/de\/wp-json\/wp\/v2\/media\/4717"}],"wp:attachment":[{"href":"https:\/\/ipanema-spirits.com\/de\/wp-json\/wp\/v2\/media?parent=4716"}],"wp:term":[{"taxonomy":"product_brand","embeddable":true,"href":"https:\/\/ipanema-spirits.com\/de\/wp-json\/wp\/v2\/product_brand?post=4716"},{"taxonomy":"product_cat","embeddable":true,"href":"https:\/\/ipanema-spirits.com\/de\/wp-json\/wp\/v2\/product_cat?post=4716"},{"taxonomy":"product_tag","embeddable":true,"href":"https:\/\/ipanema-spirits.com\/de\/wp-json\/wp\/v2\/product_tag?post=4716"}],"curies":[{"name":"wp","href":"https:\/\/api.w.org\/{rel}","templated":true}]}}