{"id":4709,"date":"2024-09-05T09:48:40","date_gmt":"2024-09-05T07:48:40","guid":{"rendered":"https:\/\/darkgoldenrod-duck-705057.hostingersite.com\/?post_type=product&#038;p=4709"},"modified":"2025-03-21T09:48:15","modified_gmt":"2025-03-21T08:48:15","slug":"topanito-mezcal-artesanal-100-espadin-52","status":"publish","type":"product","link":"https:\/\/ipanema-spirits.com\/de\/shop\/product\/topanito-mezcal-artesanal-100-espadin-52\/","title":{"rendered":"Topanito Mezcal Artesanal 100% Espadin 52%"},"content":{"rendered":"<p><strong>TOPANITO Mezcal Artesanal 100% Espad\u00edn<br \/>\n<\/strong><strong>Herkunft<\/strong>: Mexiko<br \/>\n<strong>Alkoholgehalt<\/strong>: 52%<\/p>","protected":false},"excerpt":{"rendered":"<p><strong>700ml \/ (\u20ac57,14 \/ 1 L)<br \/>\nInkl. 19% Mwst. \/ zzgl. Versandkosten \/ kostenlose Lieferung ab 60\u20ac<\/strong><br \/>\n<strong>Lieferung 2-3 Werktage<\/strong><\/p>\n<p><strong>Topanito Mezcal Artesanal 100% Espad\u00edn 52%<\/strong><\/p>\n<p>TOPANITO Mezcal Artesanal 100% Espad\u00edn ist ein handwerklicher Mezcal von h\u00f6chster Qualit\u00e4t, hergestellt aus 100% Espad\u00edn-Agaven. Mit einem Alkoholgehalt von 52% vol. bietet dieser Mezcal ein intensives, aber ausgewogenes Geschmackserlebnis. Die Espad\u00edn-Agaven stammen aus der Region Oaxaca in Mexiko und werden von erfahrenen Mezcaleros sorgf\u00e4ltig ausgew\u00e4hlt und verarbeitet, um ein Produkt von h\u00f6chster Reinheit und Authentizit\u00e4t zu gew\u00e4hrleisten. TOPANITO Mezcal Artesanal ist bekannt f\u00fcr sein reiches Aroma mit Noten von ger\u00f6steter Agave, Rauch und einer subtilen S\u00fc\u00dfe.<\/p>\n<h2><span style=\"font-size: 16px;\">This mezcal is perfect for enjoying neat or as a base for sophisticated cocktails and offers connoisseurs and lovers of the traditional Mexican drink an incomparable taste experience.<\/span><\/h2>","protected":false},"featured_media":4710,"comment_status":"open","ping_status":"closed","template":"","meta":[],"product_brand":[],"product_cat":[74],"product_tag":[],"class_list":{"0":"post-4709","1":"product","2":"type-product","3":"status-publish","4":"has-post-thumbnail","6":"product_cat-tequila-mezcal","8":"first","9":"instock","10":"taxable","11":"shipping-taxable","12":"purchasable","13":"product-type-simple"},"yoast_head":"<!-- This site is optimized with the Yoast SEO plugin v24.7 - https:\/\/yoast.com\/wordpress\/plugins\/seo\/ -->\n<title>Topanito Mezcal Artesanal 100% Espadin 52% - Ipanema Spirits<\/title>\n<meta name=\"robots\" content=\"index, follow, max-snippet:-1, max-image-preview:large, max-video-preview:-1\" \/>\n<link rel=\"canonical\" href=\"https:\/\/ipanema-spirits.com\/de\/shop\/product\/topanito-mezcal-artesanal-100-espadin-52\/\" \/>\n<meta property=\"og:locale\" content=\"de_DE\" \/>\n<meta property=\"og:type\" content=\"article\" \/>\n<meta property=\"og:title\" content=\"Topanito Mezcal Artesanal 100% Espadin 52% - Ipanema Spirits\" \/>\n<meta property=\"og:description\" content=\"700ml \/ (\u20ac57,14 \/ 1 L) Inkl. 19% Mwst. \/ zzgl. Versandkosten \/ kostenlose Lieferung ab 60\u20ac Lieferung 2-3 Werktage  Topanito Mezcal Artesanal 100% Espad\u00edn 52%  TOPANITO Mezcal Artesanal 100% Espad\u00edn ist ein handwerklicher Mezcal von h\u00f6chster Qualit\u00e4t, hergestellt aus 100% Espad\u00edn-Agaven. Mit einem Alkoholgehalt von 52% vol. bietet dieser Mezcal ein intensives, aber ausgewogenes Geschmackserlebnis. Die Espad\u00edn-Agaven stammen aus der Region Oaxaca in Mexiko und werden von erfahrenen Mezcaleros sorgf\u00e4ltig ausgew\u00e4hlt und verarbeitet, um ein Produkt von h\u00f6chster Reinheit und Authentizit\u00e4t zu gew\u00e4hrleisten. TOPANITO Mezcal Artesanal ist bekannt f\u00fcr sein reiches Aroma mit Noten von ger\u00f6steter Agave, Rauch und einer subtilen S\u00fc\u00dfe. This mezcal is perfect for enjoying neat or as a base for sophisticated cocktails and offers connoisseurs and lovers of the traditional Mexican drink an incomparable taste experience.\" \/>\n<meta property=\"og:url\" content=\"https:\/\/ipanema-spirits.com\/de\/shop\/product\/topanito-mezcal-artesanal-100-espadin-52\/\" \/>\n<meta property=\"og:site_name\" content=\"Ipanema Spirits\" \/>\n<meta property=\"article:modified_time\" content=\"2025-03-21T08:48:15+00:00\" \/>\n<meta property=\"og:image\" content=\"https:\/\/ipanema-spirits.com\/wp-content\/uploads\/2024\/09\/2596-Topanito-Mezcal-front-1200px_1_2.jpg.webp\" \/>\n\t<meta property=\"og:image:width\" content=\"1000\" \/>\n\t<meta property=\"og:image:height\" content=\"1000\" \/>\n\t<meta property=\"og:image:type\" content=\"image\/webp\" \/>\n<meta name=\"twitter:card\" content=\"summary_large_image\" \/>\n<meta name=\"twitter:label1\" content=\"Gesch\u00e4tzte Lesezeit\" \/>\n\t<meta name=\"twitter:data1\" content=\"1\u00a0Minute\" \/>\n<script type=\"application\/ld+json\" class=\"yoast-schema-graph\">{\"@context\":\"https:\/\/schema.org\",\"@graph\":[{\"@type\":\"WebPage\",\"@id\":\"https:\/\/ipanema-spirits.com\/shop\/product\/topanito-mezcal-artesanal-100-espadin-52\/\",\"url\":\"https:\/\/ipanema-spirits.com\/shop\/product\/topanito-mezcal-artesanal-100-espadin-52\/\",\"name\":\"Topanito Mezcal Artesanal 100% Espadin 52% - Ipanema Spirits\",\"isPartOf\":{\"@id\":\"https:\/\/ipanema-spirits.com\/#website\"},\"primaryImageOfPage\":{\"@id\":\"https:\/\/ipanema-spirits.com\/shop\/product\/topanito-mezcal-artesanal-100-espadin-52\/#primaryimage\"},\"image\":{\"@id\":\"https:\/\/ipanema-spirits.com\/shop\/product\/topanito-mezcal-artesanal-100-espadin-52\/#primaryimage\"},\"thumbnailUrl\":\"https:\/\/ipanema-spirits.com\/wp-content\/uploads\/2024\/09\/2596-Topanito-Mezcal-front-1200px_1_2.jpg.webp\",\"datePublished\":\"2024-09-05T07:48:40+00:00\",\"dateModified\":\"2025-03-21T08:48:15+00:00\",\"breadcrumb\":{\"@id\":\"https:\/\/ipanema-spirits.com\/shop\/product\/topanito-mezcal-artesanal-100-espadin-52\/#breadcrumb\"},\"inLanguage\":\"de\",\"potentialAction\":[{\"@type\":\"ReadAction\",\"target\":[\"https:\/\/ipanema-spirits.com\/shop\/product\/topanito-mezcal-artesanal-100-espadin-52\/\"]}]},{\"@type\":\"ImageObject\",\"inLanguage\":\"de\",\"@id\":\"https:\/\/ipanema-spirits.com\/shop\/product\/topanito-mezcal-artesanal-100-espadin-52\/#primaryimage\",\"url\":\"https:\/\/ipanema-spirits.com\/wp-content\/uploads\/2024\/09\/2596-Topanito-Mezcal-front-1200px_1_2.jpg.webp\",\"contentUrl\":\"https:\/\/ipanema-spirits.com\/wp-content\/uploads\/2024\/09\/2596-Topanito-Mezcal-front-1200px_1_2.jpg.webp\",\"width\":1000,\"height\":1000},{\"@type\":\"BreadcrumbList\",\"@id\":\"https:\/\/ipanema-spirits.com\/shop\/product\/topanito-mezcal-artesanal-100-espadin-52\/#breadcrumb\",\"itemListElement\":[{\"@type\":\"ListItem\",\"position\":1,\"name\":\"In\u00edcio\",\"item\":\"https:\/\/ipanema-spirits.com\/\"},{\"@type\":\"ListItem\",\"position\":2,\"name\":\"Shop\",\"item\":\"https:\/\/ipanema-spirits.com\/de\/?page_id=4218\"},{\"@type\":\"ListItem\",\"position\":3,\"name\":\"Topanito Mezcal Artesanal 100% Espadin 52%\"}]},{\"@type\":\"WebSite\",\"@id\":\"https:\/\/ipanema-spirits.com\/#website\",\"url\":\"https:\/\/ipanema-spirits.com\/\",\"name\":\"Conviva Engenharia\",\"description\":\"Exclusive, Unique, High Quality\",\"publisher\":{\"@id\":\"https:\/\/ipanema-spirits.com\/#organization\"},\"potentialAction\":[{\"@type\":\"SearchAction\",\"target\":{\"@type\":\"EntryPoint\",\"urlTemplate\":\"https:\/\/ipanema-spirits.com\/?s={search_term_string}\"},\"query-input\":{\"@type\":\"PropertyValueSpecification\",\"valueRequired\":true,\"valueName\":\"search_term_string\"}}],\"inLanguage\":\"de\"},{\"@type\":\"Organization\",\"@id\":\"https:\/\/ipanema-spirits.com\/#organization\",\"name\":\"Conviva Engenharia\",\"url\":\"https:\/\/ipanema-spirits.com\/\",\"logo\":{\"@type\":\"ImageObject\",\"inLanguage\":\"de\",\"@id\":\"https:\/\/ipanema-spirits.com\/#\/schema\/logo\/image\/\",\"url\":\"https:\/\/ipanema.idlab.art.br\/wp-content\/uploads\/2024\/05\/favicon.svg\",\"contentUrl\":\"https:\/\/ipanema.idlab.art.br\/wp-content\/uploads\/2024\/05\/favicon.svg\",\"width\":512,\"height\":512,\"caption\":\"Conviva Engenharia\"},\"image\":{\"@id\":\"https:\/\/ipanema-spirits.com\/#\/schema\/logo\/image\/\"}}]}<\/script>\n<!-- \/ Yoast SEO plugin. -->","yoast_head_json":{"title":"Topanito Mezcal Artesanal 100% Espadin 52% - Ipanema Spirits","robots":{"index":"index","follow":"follow","max-snippet":"max-snippet:-1","max-image-preview":"max-image-preview:large","max-video-preview":"max-video-preview:-1"},"canonical":"https:\/\/ipanema-spirits.com\/de\/shop\/product\/topanito-mezcal-artesanal-100-espadin-52\/","og_locale":"de_DE","og_type":"article","og_title":"Topanito Mezcal Artesanal 100% Espadin 52% - Ipanema Spirits","og_description":"700ml \/ (\u20ac57,14 \/ 1 L) Inkl. 19% Mwst. \/ zzgl. Versandkosten \/ kostenlose Lieferung ab 60\u20ac Lieferung 2-3 Werktage  Topanito Mezcal Artesanal 100% Espad\u00edn 52%  TOPANITO Mezcal Artesanal 100% Espad\u00edn ist ein handwerklicher Mezcal von h\u00f6chster Qualit\u00e4t, hergestellt aus 100% Espad\u00edn-Agaven. Mit einem Alkoholgehalt von 52% vol. bietet dieser Mezcal ein intensives, aber ausgewogenes Geschmackserlebnis. Die Espad\u00edn-Agaven stammen aus der Region Oaxaca in Mexiko und werden von erfahrenen Mezcaleros sorgf\u00e4ltig ausgew\u00e4hlt und verarbeitet, um ein Produkt von h\u00f6chster Reinheit und Authentizit\u00e4t zu gew\u00e4hrleisten. TOPANITO Mezcal Artesanal ist bekannt f\u00fcr sein reiches Aroma mit Noten von ger\u00f6steter Agave, Rauch und einer subtilen S\u00fc\u00dfe. This mezcal is perfect for enjoying neat or as a base for sophisticated cocktails and offers connoisseurs and lovers of the traditional Mexican drink an incomparable taste experience.","og_url":"https:\/\/ipanema-spirits.com\/de\/shop\/product\/topanito-mezcal-artesanal-100-espadin-52\/","og_site_name":"Ipanema Spirits","article_modified_time":"2025-03-21T08:48:15+00:00","og_image":[{"width":1000,"height":1000,"url":"https:\/\/ipanema-spirits.com\/wp-content\/uploads\/2024\/09\/2596-Topanito-Mezcal-front-1200px_1_2.jpg.webp","type":"image\/webp"}],"twitter_card":"summary_large_image","twitter_misc":{"Gesch\u00e4tzte Lesezeit":"1\u00a0Minute"},"schema":{"@context":"https:\/\/schema.org","@graph":[{"@type":"WebPage","@id":"https:\/\/ipanema-spirits.com\/shop\/product\/topanito-mezcal-artesanal-100-espadin-52\/","url":"https:\/\/ipanema-spirits.com\/shop\/product\/topanito-mezcal-artesanal-100-espadin-52\/","name":"Topanito Mezcal Artesanal 100% Espadin 52% - Ipanema Spirits","isPartOf":{"@id":"https:\/\/ipanema-spirits.com\/#website"},"primaryImageOfPage":{"@id":"https:\/\/ipanema-spirits.com\/shop\/product\/topanito-mezcal-artesanal-100-espadin-52\/#primaryimage"},"image":{"@id":"https:\/\/ipanema-spirits.com\/shop\/product\/topanito-mezcal-artesanal-100-espadin-52\/#primaryimage"},"thumbnailUrl":"https:\/\/ipanema-spirits.com\/wp-content\/uploads\/2024\/09\/2596-Topanito-Mezcal-front-1200px_1_2.jpg.webp","datePublished":"2024-09-05T07:48:40+00:00","dateModified":"2025-03-21T08:48:15+00:00","breadcrumb":{"@id":"https:\/\/ipanema-spirits.com\/shop\/product\/topanito-mezcal-artesanal-100-espadin-52\/#breadcrumb"},"inLanguage":"de","potentialAction":[{"@type":"ReadAction","target":["https:\/\/ipanema-spirits.com\/shop\/product\/topanito-mezcal-artesanal-100-espadin-52\/"]}]},{"@type":"ImageObject","inLanguage":"de","@id":"https:\/\/ipanema-spirits.com\/shop\/product\/topanito-mezcal-artesanal-100-espadin-52\/#primaryimage","url":"https:\/\/ipanema-spirits.com\/wp-content\/uploads\/2024\/09\/2596-Topanito-Mezcal-front-1200px_1_2.jpg.webp","contentUrl":"https:\/\/ipanema-spirits.com\/wp-content\/uploads\/2024\/09\/2596-Topanito-Mezcal-front-1200px_1_2.jpg.webp","width":1000,"height":1000},{"@type":"BreadcrumbList","@id":"https:\/\/ipanema-spirits.com\/shop\/product\/topanito-mezcal-artesanal-100-espadin-52\/#breadcrumb","itemListElement":[{"@type":"ListItem","position":1,"name":"In\u00edcio","item":"https:\/\/ipanema-spirits.com\/"},{"@type":"ListItem","position":2,"name":"Shop","item":"https:\/\/ipanema-spirits.com\/de\/?page_id=4218"},{"@type":"ListItem","position":3,"name":"Topanito Mezcal Artesanal 100% Espadin 52%"}]},{"@type":"WebSite","@id":"https:\/\/ipanema-spirits.com\/#website","url":"https:\/\/ipanema-spirits.com\/","name":"Conviva Engenharia","description":"Exclusive, Unique, High Quality","publisher":{"@id":"https:\/\/ipanema-spirits.com\/#organization"},"potentialAction":[{"@type":"SearchAction","target":{"@type":"EntryPoint","urlTemplate":"https:\/\/ipanema-spirits.com\/?s={search_term_string}"},"query-input":{"@type":"PropertyValueSpecification","valueRequired":true,"valueName":"search_term_string"}}],"inLanguage":"de"},{"@type":"Organization","@id":"https:\/\/ipanema-spirits.com\/#organization","name":"Conviva Engenharia","url":"https:\/\/ipanema-spirits.com\/","logo":{"@type":"ImageObject","inLanguage":"de","@id":"https:\/\/ipanema-spirits.com\/#\/schema\/logo\/image\/","url":"https:\/\/ipanema.idlab.art.br\/wp-content\/uploads\/2024\/05\/favicon.svg","contentUrl":"https:\/\/ipanema.idlab.art.br\/wp-content\/uploads\/2024\/05\/favicon.svg","width":512,"height":512,"caption":"Conviva Engenharia"},"image":{"@id":"https:\/\/ipanema-spirits.com\/#\/schema\/logo\/image\/"}}]}},"_links":{"self":[{"href":"https:\/\/ipanema-spirits.com\/de\/wp-json\/wp\/v2\/product\/4709","targetHints":{"allow":["GET"]}}],"collection":[{"href":"https:\/\/ipanema-spirits.com\/de\/wp-json\/wp\/v2\/product"}],"about":[{"href":"https:\/\/ipanema-spirits.com\/de\/wp-json\/wp\/v2\/types\/product"}],"replies":[{"embeddable":true,"href":"https:\/\/ipanema-spirits.com\/de\/wp-json\/wp\/v2\/comments?post=4709"}],"wp:featuredmedia":[{"embeddable":true,"href":"https:\/\/ipanema-spirits.com\/de\/wp-json\/wp\/v2\/media\/4710"}],"wp:attachment":[{"href":"https:\/\/ipanema-spirits.com\/de\/wp-json\/wp\/v2\/media?parent=4709"}],"wp:term":[{"taxonomy":"product_brand","embeddable":true,"href":"https:\/\/ipanema-spirits.com\/de\/wp-json\/wp\/v2\/product_brand?post=4709"},{"taxonomy":"product_cat","embeddable":true,"href":"https:\/\/ipanema-spirits.com\/de\/wp-json\/wp\/v2\/product_cat?post=4709"},{"taxonomy":"product_tag","embeddable":true,"href":"https:\/\/ipanema-spirits.com\/de\/wp-json\/wp\/v2\/product_tag?post=4709"}],"curies":[{"name":"wp","href":"https:\/\/api.w.org\/{rel}","templated":true}]}}