{"id":4707,"date":"2024-09-05T09:47:03","date_gmt":"2024-09-05T07:47:03","guid":{"rendered":"https:\/\/darkgoldenrod-duck-705057.hostingersite.com\/?post_type=product&#038;p=4707"},"modified":"2025-03-21T09:49:01","modified_gmt":"2025-03-21T08:49:01","slug":"topanito-mezcal-artesanal-40","status":"publish","type":"product","link":"https:\/\/ipanema-spirits.com\/de\/shop\/product\/topanito-mezcal-artesanal-40\/","title":{"rendered":"Topanito Mezcal Artesanal 40%"},"content":{"rendered":"<div class=\"flex max-w-full flex-col flex-grow\">\n<div class=\"min-h-[20px] text-message flex w-full flex-col items-end gap-2 break-words [.text-message+&amp;]:mt-5 overflow-x-auto whitespace-normal\" dir=\"auto\" data-message-author-role=\"assistant\" data-message-id=\"d917cab6-ea29-45d8-b8cf-65ee5d1dd867\">\n<div class=\"flex w-full flex-col gap-1 empty:hidden first:pt-[3px]\">\n<div class=\"markdown prose w-full break-words dark:prose-invert light\">\n<p><strong>TOPANITO Mezcal Artesanal 100% Espad\u00edn<br \/>\n<\/strong><strong style=\"font-family: -apple-system, BlinkMacSystemFont, 'Segoe UI', Roboto, 'Helvetica Neue', Arial, 'Noto Sans', sans-serif, 'Apple Color Emoji', 'Segoe UI Emoji', 'Segoe UI Symbol', 'Noto Color Emoji';\">Herkunft<\/strong><span style=\"font-family: -apple-system, BlinkMacSystemFont, 'Segoe UI', Roboto, 'Helvetica Neue', Arial, 'Noto Sans', sans-serif, 'Apple Color Emoji', 'Segoe UI Emoji', 'Segoe UI Symbol', 'Noto Color Emoji';\">: Mexiko<br \/>\n<\/span><strong>Alkoholgehalt<\/strong>: 40%<\/p>\n<\/div>\n<\/div>\n<\/div>\n<\/div>","protected":false},"excerpt":{"rendered":"<div class=\"markdown prose w-full break-words dark:prose-invert light\">\n<p><strong>700ml \/ (\u20ac49,29 \/ 1 L)<br \/>\n<span style=\"font-family: -apple-system, BlinkMacSystemFont, 'Segoe UI', Roboto, 'Helvetica Neue', Arial, 'Noto Sans', sans-serif, 'Apple Color Emoji', 'Segoe UI Emoji', 'Segoe UI Symbol', 'Noto Color Emoji';\">Inkl. 19% Mwst. \/ zzgl. Versandkosten \/ kostenlose Lieferung ab 60\u20ac<br \/>\n<\/span><span style=\"font-family: -apple-system, BlinkMacSystemFont, 'Segoe UI', Roboto, 'Helvetica Neue', Arial, 'Noto Sans', sans-serif, 'Apple Color Emoji', 'Segoe UI Emoji', 'Segoe UI Symbol', 'Noto Color Emoji';\">Lieferung 2-3 Werktage<\/span><\/strong><\/p>\n<\/div>\n<p><strong>Topanito Mezcal Artesanal 100% Espad\u00edn<\/strong><\/p>\n<p>Topanito Mezcal Artesanal 100% Espad\u00edn ist ein au\u00dfergew\u00f6hnlicher handgefertigter Mezcal, der die reiche Tradition und das Erbe der mexikanischen Mezcal-Herstellung feiert. Hergestellt aus 100% Espad\u00edn-Agave, die in den sonnenverw\u00f6hnten Feldern von Oaxaca, Mexiko, w\u00e4chst, bietet dieser Mezcal ein unvergleichliches Geschmackserlebnis.<\/p>\n<p>In jedem Schluck von Topanito Mezcal finden Sie die Essenz Oaxacas, eingefangen in einem feinen und ausgewogenen Geschmacksprofil. Das harmonische Gleichgewicht von rauchigen, erdigen und fruchtigen Noten verleiht diesem Mezcal seine einzigartige Pers\u00f6nlichkeit. Vom ersten Ber\u00fchren der Lippen bis zum langen, samtigen Finish auf der Zunge entfaltet sich ein Geschmackserlebnis von unvergleichlicher Qualit\u00e4t.<\/p>\n<p>Diese Flasche Topanito Mezcal Artesanal 100% Espad\u00edn ist die perfekte Erg\u00e4nzung f\u00fcr Liebhaber edler Spirituosen, die nach einem authentischen und unvergesslichen Geschmackserlebnis suchen. Genie\u00dfen Sie ihn pur oder verwenden Sie ihn in exquisiten Cocktails, um jedem Anlass einen Hauch mexikanischer Eleganz zu verleihen. Entdecken Sie die Welt von Topanito und lassen Sie sich von der Magie des handwerklich hergestellten Mezcals verzaubern.<\/p>","protected":false},"featured_media":4708,"comment_status":"open","ping_status":"closed","template":"","meta":[],"product_brand":[],"product_cat":[74],"product_tag":[],"class_list":{"0":"post-4707","1":"product","2":"type-product","3":"status-publish","4":"has-post-thumbnail","6":"product_cat-tequila-mezcal","8":"first","9":"instock","10":"taxable","11":"shipping-taxable","12":"purchasable","13":"product-type-simple"},"yoast_head":"<!-- This site is optimized with the Yoast SEO plugin v24.7 - https:\/\/yoast.com\/wordpress\/plugins\/seo\/ -->\n<title>Topanito Mezcal Artesanal 40% - Ipanema Spirits<\/title>\n<meta name=\"robots\" content=\"index, follow, max-snippet:-1, max-image-preview:large, max-video-preview:-1\" \/>\n<link rel=\"canonical\" href=\"https:\/\/ipanema-spirits.com\/de\/shop\/product\/topanito-mezcal-artesanal-40\/\" \/>\n<meta property=\"og:locale\" content=\"de_DE\" \/>\n<meta property=\"og:type\" content=\"article\" \/>\n<meta property=\"og:title\" content=\"Topanito Mezcal Artesanal 40% - Ipanema Spirits\" \/>\n<meta property=\"og:description\" content=\"700ml \/ (\u20ac49,29 \/ 1 L) Inkl. 19% Mwst. \/ zzgl. Versandkosten \/ kostenlose Lieferung ab 60\u20ac Lieferung 2-3 Werktage   Topanito Mezcal Artesanal 100% Espad\u00edn  Topanito Mezcal Artesanal 100% Espad\u00edn ist ein au\u00dfergew\u00f6hnlicher handgefertigter Mezcal, der die reiche Tradition und das Erbe der mexikanischen Mezcal-Herstellung feiert. Hergestellt aus 100% Espad\u00edn-Agave, die in den sonnenverw\u00f6hnten Feldern von Oaxaca, Mexiko, w\u00e4chst, bietet dieser Mezcal ein unvergleichliches Geschmackserlebnis.  In jedem Schluck von Topanito Mezcal finden Sie die Essenz Oaxacas, eingefangen in einem feinen und ausgewogenen Geschmacksprofil. Das harmonische Gleichgewicht von rauchigen, erdigen und fruchtigen Noten verleiht diesem Mezcal seine einzigartige Pers\u00f6nlichkeit. Vom ersten Ber\u00fchren der Lippen bis zum langen, samtigen Finish auf der Zunge entfaltet sich ein Geschmackserlebnis von unvergleichlicher Qualit\u00e4t.  Diese Flasche Topanito Mezcal Artesanal 100% Espad\u00edn ist die perfekte Erg\u00e4nzung f\u00fcr Liebhaber edler Spirituosen, die nach einem authentischen und unvergesslichen Geschmackserlebnis suchen. Genie\u00dfen Sie ihn pur oder verwenden Sie ihn in exquisiten Cocktails, um jedem Anlass einen Hauch mexikanischer Eleganz zu verleihen. Entdecken Sie die Welt von Topanito und lassen Sie sich von der Magie des handwerklich hergestellten Mezcals verzaubern.\" \/>\n<meta property=\"og:url\" content=\"https:\/\/ipanema-spirits.com\/de\/shop\/product\/topanito-mezcal-artesanal-40\/\" \/>\n<meta property=\"og:site_name\" content=\"Ipanema Spirits\" \/>\n<meta property=\"article:modified_time\" content=\"2025-03-21T08:49:01+00:00\" \/>\n<meta property=\"og:image\" content=\"https:\/\/ipanema-spirits.com\/wp-content\/uploads\/2024\/09\/2595-topanito-mezcal-40-front-1200pxXdoUNJTKBLdFQ_1.jpg.webp\" \/>\n\t<meta property=\"og:image:width\" content=\"1000\" \/>\n\t<meta property=\"og:image:height\" content=\"1000\" \/>\n\t<meta property=\"og:image:type\" content=\"image\/webp\" \/>\n<meta name=\"twitter:card\" content=\"summary_large_image\" \/>\n<meta name=\"twitter:label1\" content=\"Gesch\u00e4tzte Lesezeit\" \/>\n\t<meta name=\"twitter:data1\" content=\"1\u00a0Minute\" \/>\n<script type=\"application\/ld+json\" class=\"yoast-schema-graph\">{\"@context\":\"https:\/\/schema.org\",\"@graph\":[{\"@type\":\"WebPage\",\"@id\":\"https:\/\/ipanema-spirits.com\/shop\/product\/topanito-mezcal-artesanal-40\/\",\"url\":\"https:\/\/ipanema-spirits.com\/shop\/product\/topanito-mezcal-artesanal-40\/\",\"name\":\"Topanito Mezcal Artesanal 40% - Ipanema Spirits\",\"isPartOf\":{\"@id\":\"https:\/\/ipanema-spirits.com\/#website\"},\"primaryImageOfPage\":{\"@id\":\"https:\/\/ipanema-spirits.com\/shop\/product\/topanito-mezcal-artesanal-40\/#primaryimage\"},\"image\":{\"@id\":\"https:\/\/ipanema-spirits.com\/shop\/product\/topanito-mezcal-artesanal-40\/#primaryimage\"},\"thumbnailUrl\":\"https:\/\/ipanema-spirits.com\/wp-content\/uploads\/2024\/09\/2595-topanito-mezcal-40-front-1200pxXdoUNJTKBLdFQ_1.jpg.webp\",\"datePublished\":\"2024-09-05T07:47:03+00:00\",\"dateModified\":\"2025-03-21T08:49:01+00:00\",\"breadcrumb\":{\"@id\":\"https:\/\/ipanema-spirits.com\/shop\/product\/topanito-mezcal-artesanal-40\/#breadcrumb\"},\"inLanguage\":\"de\",\"potentialAction\":[{\"@type\":\"ReadAction\",\"target\":[\"https:\/\/ipanema-spirits.com\/shop\/product\/topanito-mezcal-artesanal-40\/\"]}]},{\"@type\":\"ImageObject\",\"inLanguage\":\"de\",\"@id\":\"https:\/\/ipanema-spirits.com\/shop\/product\/topanito-mezcal-artesanal-40\/#primaryimage\",\"url\":\"https:\/\/ipanema-spirits.com\/wp-content\/uploads\/2024\/09\/2595-topanito-mezcal-40-front-1200pxXdoUNJTKBLdFQ_1.jpg.webp\",\"contentUrl\":\"https:\/\/ipanema-spirits.com\/wp-content\/uploads\/2024\/09\/2595-topanito-mezcal-40-front-1200pxXdoUNJTKBLdFQ_1.jpg.webp\",\"width\":1000,\"height\":1000},{\"@type\":\"BreadcrumbList\",\"@id\":\"https:\/\/ipanema-spirits.com\/shop\/product\/topanito-mezcal-artesanal-40\/#breadcrumb\",\"itemListElement\":[{\"@type\":\"ListItem\",\"position\":1,\"name\":\"In\u00edcio\",\"item\":\"https:\/\/ipanema-spirits.com\/\"},{\"@type\":\"ListItem\",\"position\":2,\"name\":\"Shop\",\"item\":\"https:\/\/ipanema-spirits.com\/de\/?page_id=4218\"},{\"@type\":\"ListItem\",\"position\":3,\"name\":\"Topanito Mezcal Artesanal 40%\"}]},{\"@type\":\"WebSite\",\"@id\":\"https:\/\/ipanema-spirits.com\/#website\",\"url\":\"https:\/\/ipanema-spirits.com\/\",\"name\":\"Conviva Engenharia\",\"description\":\"Exclusive, Unique, High Quality\",\"publisher\":{\"@id\":\"https:\/\/ipanema-spirits.com\/#organization\"},\"potentialAction\":[{\"@type\":\"SearchAction\",\"target\":{\"@type\":\"EntryPoint\",\"urlTemplate\":\"https:\/\/ipanema-spirits.com\/?s={search_term_string}\"},\"query-input\":{\"@type\":\"PropertyValueSpecification\",\"valueRequired\":true,\"valueName\":\"search_term_string\"}}],\"inLanguage\":\"de\"},{\"@type\":\"Organization\",\"@id\":\"https:\/\/ipanema-spirits.com\/#organization\",\"name\":\"Conviva Engenharia\",\"url\":\"https:\/\/ipanema-spirits.com\/\",\"logo\":{\"@type\":\"ImageObject\",\"inLanguage\":\"de\",\"@id\":\"https:\/\/ipanema-spirits.com\/#\/schema\/logo\/image\/\",\"url\":\"https:\/\/ipanema.idlab.art.br\/wp-content\/uploads\/2024\/05\/favicon.svg\",\"contentUrl\":\"https:\/\/ipanema.idlab.art.br\/wp-content\/uploads\/2024\/05\/favicon.svg\",\"width\":512,\"height\":512,\"caption\":\"Conviva Engenharia\"},\"image\":{\"@id\":\"https:\/\/ipanema-spirits.com\/#\/schema\/logo\/image\/\"}}]}<\/script>\n<!-- \/ Yoast SEO plugin. -->","yoast_head_json":{"title":"Topanito Mezcal Artesanal 40% - Ipanema Spirits","robots":{"index":"index","follow":"follow","max-snippet":"max-snippet:-1","max-image-preview":"max-image-preview:large","max-video-preview":"max-video-preview:-1"},"canonical":"https:\/\/ipanema-spirits.com\/de\/shop\/product\/topanito-mezcal-artesanal-40\/","og_locale":"de_DE","og_type":"article","og_title":"Topanito Mezcal Artesanal 40% - Ipanema Spirits","og_description":"700ml \/ (\u20ac49,29 \/ 1 L) Inkl. 19% Mwst. \/ zzgl. Versandkosten \/ kostenlose Lieferung ab 60\u20ac Lieferung 2-3 Werktage   Topanito Mezcal Artesanal 100% Espad\u00edn  Topanito Mezcal Artesanal 100% Espad\u00edn ist ein au\u00dfergew\u00f6hnlicher handgefertigter Mezcal, der die reiche Tradition und das Erbe der mexikanischen Mezcal-Herstellung feiert. Hergestellt aus 100% Espad\u00edn-Agave, die in den sonnenverw\u00f6hnten Feldern von Oaxaca, Mexiko, w\u00e4chst, bietet dieser Mezcal ein unvergleichliches Geschmackserlebnis.  In jedem Schluck von Topanito Mezcal finden Sie die Essenz Oaxacas, eingefangen in einem feinen und ausgewogenen Geschmacksprofil. Das harmonische Gleichgewicht von rauchigen, erdigen und fruchtigen Noten verleiht diesem Mezcal seine einzigartige Pers\u00f6nlichkeit. Vom ersten Ber\u00fchren der Lippen bis zum langen, samtigen Finish auf der Zunge entfaltet sich ein Geschmackserlebnis von unvergleichlicher Qualit\u00e4t.  Diese Flasche Topanito Mezcal Artesanal 100% Espad\u00edn ist die perfekte Erg\u00e4nzung f\u00fcr Liebhaber edler Spirituosen, die nach einem authentischen und unvergesslichen Geschmackserlebnis suchen. Genie\u00dfen Sie ihn pur oder verwenden Sie ihn in exquisiten Cocktails, um jedem Anlass einen Hauch mexikanischer Eleganz zu verleihen. Entdecken Sie die Welt von Topanito und lassen Sie sich von der Magie des handwerklich hergestellten Mezcals verzaubern.","og_url":"https:\/\/ipanema-spirits.com\/de\/shop\/product\/topanito-mezcal-artesanal-40\/","og_site_name":"Ipanema Spirits","article_modified_time":"2025-03-21T08:49:01+00:00","og_image":[{"width":1000,"height":1000,"url":"https:\/\/ipanema-spirits.com\/wp-content\/uploads\/2024\/09\/2595-topanito-mezcal-40-front-1200pxXdoUNJTKBLdFQ_1.jpg.webp","type":"image\/webp"}],"twitter_card":"summary_large_image","twitter_misc":{"Gesch\u00e4tzte Lesezeit":"1\u00a0Minute"},"schema":{"@context":"https:\/\/schema.org","@graph":[{"@type":"WebPage","@id":"https:\/\/ipanema-spirits.com\/shop\/product\/topanito-mezcal-artesanal-40\/","url":"https:\/\/ipanema-spirits.com\/shop\/product\/topanito-mezcal-artesanal-40\/","name":"Topanito Mezcal Artesanal 40% - Ipanema Spirits","isPartOf":{"@id":"https:\/\/ipanema-spirits.com\/#website"},"primaryImageOfPage":{"@id":"https:\/\/ipanema-spirits.com\/shop\/product\/topanito-mezcal-artesanal-40\/#primaryimage"},"image":{"@id":"https:\/\/ipanema-spirits.com\/shop\/product\/topanito-mezcal-artesanal-40\/#primaryimage"},"thumbnailUrl":"https:\/\/ipanema-spirits.com\/wp-content\/uploads\/2024\/09\/2595-topanito-mezcal-40-front-1200pxXdoUNJTKBLdFQ_1.jpg.webp","datePublished":"2024-09-05T07:47:03+00:00","dateModified":"2025-03-21T08:49:01+00:00","breadcrumb":{"@id":"https:\/\/ipanema-spirits.com\/shop\/product\/topanito-mezcal-artesanal-40\/#breadcrumb"},"inLanguage":"de","potentialAction":[{"@type":"ReadAction","target":["https:\/\/ipanema-spirits.com\/shop\/product\/topanito-mezcal-artesanal-40\/"]}]},{"@type":"ImageObject","inLanguage":"de","@id":"https:\/\/ipanema-spirits.com\/shop\/product\/topanito-mezcal-artesanal-40\/#primaryimage","url":"https:\/\/ipanema-spirits.com\/wp-content\/uploads\/2024\/09\/2595-topanito-mezcal-40-front-1200pxXdoUNJTKBLdFQ_1.jpg.webp","contentUrl":"https:\/\/ipanema-spirits.com\/wp-content\/uploads\/2024\/09\/2595-topanito-mezcal-40-front-1200pxXdoUNJTKBLdFQ_1.jpg.webp","width":1000,"height":1000},{"@type":"BreadcrumbList","@id":"https:\/\/ipanema-spirits.com\/shop\/product\/topanito-mezcal-artesanal-40\/#breadcrumb","itemListElement":[{"@type":"ListItem","position":1,"name":"In\u00edcio","item":"https:\/\/ipanema-spirits.com\/"},{"@type":"ListItem","position":2,"name":"Shop","item":"https:\/\/ipanema-spirits.com\/de\/?page_id=4218"},{"@type":"ListItem","position":3,"name":"Topanito Mezcal Artesanal 40%"}]},{"@type":"WebSite","@id":"https:\/\/ipanema-spirits.com\/#website","url":"https:\/\/ipanema-spirits.com\/","name":"Conviva Engenharia","description":"Exclusive, Unique, High Quality","publisher":{"@id":"https:\/\/ipanema-spirits.com\/#organization"},"potentialAction":[{"@type":"SearchAction","target":{"@type":"EntryPoint","urlTemplate":"https:\/\/ipanema-spirits.com\/?s={search_term_string}"},"query-input":{"@type":"PropertyValueSpecification","valueRequired":true,"valueName":"search_term_string"}}],"inLanguage":"de"},{"@type":"Organization","@id":"https:\/\/ipanema-spirits.com\/#organization","name":"Conviva Engenharia","url":"https:\/\/ipanema-spirits.com\/","logo":{"@type":"ImageObject","inLanguage":"de","@id":"https:\/\/ipanema-spirits.com\/#\/schema\/logo\/image\/","url":"https:\/\/ipanema.idlab.art.br\/wp-content\/uploads\/2024\/05\/favicon.svg","contentUrl":"https:\/\/ipanema.idlab.art.br\/wp-content\/uploads\/2024\/05\/favicon.svg","width":512,"height":512,"caption":"Conviva Engenharia"},"image":{"@id":"https:\/\/ipanema-spirits.com\/#\/schema\/logo\/image\/"}}]}},"_links":{"self":[{"href":"https:\/\/ipanema-spirits.com\/de\/wp-json\/wp\/v2\/product\/4707","targetHints":{"allow":["GET"]}}],"collection":[{"href":"https:\/\/ipanema-spirits.com\/de\/wp-json\/wp\/v2\/product"}],"about":[{"href":"https:\/\/ipanema-spirits.com\/de\/wp-json\/wp\/v2\/types\/product"}],"replies":[{"embeddable":true,"href":"https:\/\/ipanema-spirits.com\/de\/wp-json\/wp\/v2\/comments?post=4707"}],"wp:featuredmedia":[{"embeddable":true,"href":"https:\/\/ipanema-spirits.com\/de\/wp-json\/wp\/v2\/media\/4708"}],"wp:attachment":[{"href":"https:\/\/ipanema-spirits.com\/de\/wp-json\/wp\/v2\/media?parent=4707"}],"wp:term":[{"taxonomy":"product_brand","embeddable":true,"href":"https:\/\/ipanema-spirits.com\/de\/wp-json\/wp\/v2\/product_brand?post=4707"},{"taxonomy":"product_cat","embeddable":true,"href":"https:\/\/ipanema-spirits.com\/de\/wp-json\/wp\/v2\/product_cat?post=4707"},{"taxonomy":"product_tag","embeddable":true,"href":"https:\/\/ipanema-spirits.com\/de\/wp-json\/wp\/v2\/product_tag?post=4707"}],"curies":[{"name":"wp","href":"https:\/\/api.w.org\/{rel}","templated":true}]}}