{"id":4706,"date":"2024-09-05T10:14:31","date_gmt":"2024-09-05T08:14:31","guid":{"rendered":"https:\/\/darkgoldenrod-duck-705057.hostingersite.com\/?post_type=product&#038;p=4706"},"modified":"2025-03-21T09:50:01","modified_gmt":"2025-03-21T08:50:01","slug":"topanito-reposado-100-agave-tequila","status":"publish","type":"product","link":"https:\/\/ipanema-spirits.com\/de\/shop\/product\/topanito-reposado-100-agave-tequila\/","title":{"rendered":"Topanito Reposado 100% Agave Tequila"},"content":{"rendered":"<p><strong>Topanito Reposado 100% Agave Tequila<br \/>\n<\/strong><strong style=\"font-family: -apple-system, BlinkMacSystemFont, 'Segoe UI', Roboto, 'Helvetica Neue', Arial, 'Noto Sans', sans-serif, 'Apple Color Emoji', 'Segoe UI Emoji', 'Segoe UI Symbol', 'Noto Color Emoji';\">Herkunft<\/strong><span style=\"font-family: -apple-system, BlinkMacSystemFont, 'Segoe UI', Roboto, 'Helvetica Neue', Arial, 'Noto Sans', sans-serif, 'Apple Color Emoji', 'Segoe UI Emoji', 'Segoe UI Symbol', 'Noto Color Emoji';\">: Mexiko<br \/>\n<\/span><b>Alkoholgehalt<\/b><span style=\"font-weight: 400;\">: 39%<\/span><\/p>","protected":false},"excerpt":{"rendered":"<p><strong>700ml \/ (\u20ac38,57 \/ 1 L)<br \/>\n<span style=\"font-family: -apple-system, BlinkMacSystemFont, 'Segoe UI', Roboto, 'Helvetica Neue', Arial, 'Noto Sans', sans-serif, 'Apple Color Emoji', 'Segoe UI Emoji', 'Segoe UI Symbol', 'Noto Color Emoji';\">Inkl. 19% Mwst. \/ zzgl. Versandkosten \/ kostenlose Lieferung ab 60\u20ac<br \/>\n<\/span>Lieferung 2-3 Werktage<\/strong><\/p>\n<p>Entdecken Sie den exquisiten Topanito Reposado Tequila, hergestellt im Herzen von Tequila, Mexiko. Dieser Premium-Spirituosen wird aus 100% Agave produziert und in Eichenf\u00e4ssern gereift. Er bietet eine perfekte Balance der Agavengeschm\u00e4cker mit Nuancen von Vanille und Wildhonig. Genie\u00dfen Sie ihn pur aus einem Nosing-Glas oder gemixt in Ihrem Lieblings-Tequila-Cocktail. Erleben Sie den wahren Geschmack von Tradition und Qualit\u00e4t mit Topanito Reposado.<\/p>\n<p>Erleben Sie eine wunderbare Fusion von Eiche, Vanille und Waldhonig-Noten mit dem k\u00f6stlichen Geschmack von Agave in diesem fassgereiften Spirituosen, der sich von der Raffinesse der Grappa inspirieren l\u00e4sst.<\/p>","protected":false},"featured_media":4698,"comment_status":"open","ping_status":"closed","template":"","meta":[],"product_brand":[],"product_cat":[74],"product_tag":[],"class_list":{"0":"post-4706","1":"product","2":"type-product","3":"status-publish","4":"has-post-thumbnail","6":"product_cat-tequila-mezcal","8":"first","9":"instock","10":"taxable","11":"shipping-taxable","12":"purchasable","13":"product-type-simple"},"yoast_head":"<!-- This site is optimized with the Yoast SEO plugin v24.7 - https:\/\/yoast.com\/wordpress\/plugins\/seo\/ -->\n<title>Topanito Reposado 100% Agave Tequila - Ipanema Spirits<\/title>\n<meta name=\"robots\" content=\"index, follow, max-snippet:-1, max-image-preview:large, max-video-preview:-1\" \/>\n<link rel=\"canonical\" href=\"https:\/\/ipanema-spirits.com\/de\/shop\/product\/topanito-reposado-100-agave-tequila\/\" \/>\n<meta property=\"og:locale\" content=\"de_DE\" \/>\n<meta property=\"og:type\" content=\"article\" \/>\n<meta property=\"og:title\" content=\"Topanito Reposado 100% Agave Tequila - Ipanema Spirits\" \/>\n<meta property=\"og:description\" content=\"700ml \/ (\u20ac38,57 \/ 1 L) Inkl. 19% Mwst. \/ zzgl. Versandkosten \/ kostenlose Lieferung ab 60\u20ac Lieferung 2-3 Werktage  Entdecken Sie den exquisiten Topanito Reposado Tequila, hergestellt im Herzen von Tequila, Mexiko. Dieser Premium-Spirituosen wird aus 100% Agave produziert und in Eichenf\u00e4ssern gereift. Er bietet eine perfekte Balance der Agavengeschm\u00e4cker mit Nuancen von Vanille und Wildhonig. Genie\u00dfen Sie ihn pur aus einem Nosing-Glas oder gemixt in Ihrem Lieblings-Tequila-Cocktail. Erleben Sie den wahren Geschmack von Tradition und Qualit\u00e4t mit Topanito Reposado.  Erleben Sie eine wunderbare Fusion von Eiche, Vanille und Waldhonig-Noten mit dem k\u00f6stlichen Geschmack von Agave in diesem fassgereiften Spirituosen, der sich von der Raffinesse der Grappa inspirieren l\u00e4sst.\" \/>\n<meta property=\"og:url\" content=\"https:\/\/ipanema-spirits.com\/de\/shop\/product\/topanito-reposado-100-agave-tequila\/\" \/>\n<meta property=\"og:site_name\" content=\"Ipanema Spirits\" \/>\n<meta property=\"article:modified_time\" content=\"2025-03-21T08:50:01+00:00\" \/>\n<meta property=\"og:image\" content=\"https:\/\/ipanema-spirits.com\/wp-content\/uploads\/2024\/09\/1301-topanito-reposado-tequila-front-2020-1200px.jpg.webp\" \/>\n\t<meta property=\"og:image:width\" content=\"1000\" \/>\n\t<meta property=\"og:image:height\" content=\"1000\" \/>\n\t<meta property=\"og:image:type\" content=\"image\/webp\" \/>\n<meta name=\"twitter:card\" content=\"summary_large_image\" \/>\n<meta name=\"twitter:label1\" content=\"Gesch\u00e4tzte Lesezeit\" \/>\n\t<meta name=\"twitter:data1\" content=\"1\u00a0Minute\" \/>\n<script type=\"application\/ld+json\" class=\"yoast-schema-graph\">{\"@context\":\"https:\/\/schema.org\",\"@graph\":[{\"@type\":\"WebPage\",\"@id\":\"https:\/\/ipanema-spirits.com\/shop\/product\/topanito-reposado-100-agave-tequila\/\",\"url\":\"https:\/\/ipanema-spirits.com\/shop\/product\/topanito-reposado-100-agave-tequila\/\",\"name\":\"Topanito Reposado 100% Agave Tequila - Ipanema Spirits\",\"isPartOf\":{\"@id\":\"https:\/\/ipanema-spirits.com\/#website\"},\"primaryImageOfPage\":{\"@id\":\"https:\/\/ipanema-spirits.com\/shop\/product\/topanito-reposado-100-agave-tequila\/#primaryimage\"},\"image\":{\"@id\":\"https:\/\/ipanema-spirits.com\/shop\/product\/topanito-reposado-100-agave-tequila\/#primaryimage\"},\"thumbnailUrl\":\"https:\/\/ipanema-spirits.com\/wp-content\/uploads\/2024\/09\/1301-topanito-reposado-tequila-front-2020-1200px.jpg.webp\",\"datePublished\":\"2024-09-05T08:14:31+00:00\",\"dateModified\":\"2025-03-21T08:50:01+00:00\",\"breadcrumb\":{\"@id\":\"https:\/\/ipanema-spirits.com\/shop\/product\/topanito-reposado-100-agave-tequila\/#breadcrumb\"},\"inLanguage\":\"de\",\"potentialAction\":[{\"@type\":\"ReadAction\",\"target\":[\"https:\/\/ipanema-spirits.com\/shop\/product\/topanito-reposado-100-agave-tequila\/\"]}]},{\"@type\":\"ImageObject\",\"inLanguage\":\"de\",\"@id\":\"https:\/\/ipanema-spirits.com\/shop\/product\/topanito-reposado-100-agave-tequila\/#primaryimage\",\"url\":\"https:\/\/ipanema-spirits.com\/wp-content\/uploads\/2024\/09\/1301-topanito-reposado-tequila-front-2020-1200px.jpg.webp\",\"contentUrl\":\"https:\/\/ipanema-spirits.com\/wp-content\/uploads\/2024\/09\/1301-topanito-reposado-tequila-front-2020-1200px.jpg.webp\",\"width\":1000,\"height\":1000},{\"@type\":\"BreadcrumbList\",\"@id\":\"https:\/\/ipanema-spirits.com\/shop\/product\/topanito-reposado-100-agave-tequila\/#breadcrumb\",\"itemListElement\":[{\"@type\":\"ListItem\",\"position\":1,\"name\":\"In\u00edcio\",\"item\":\"https:\/\/ipanema-spirits.com\/\"},{\"@type\":\"ListItem\",\"position\":2,\"name\":\"Shop\",\"item\":\"https:\/\/ipanema-spirits.com\/de\/?page_id=4218\"},{\"@type\":\"ListItem\",\"position\":3,\"name\":\"Topanito Reposado 100% Agave Tequila\"}]},{\"@type\":\"WebSite\",\"@id\":\"https:\/\/ipanema-spirits.com\/#website\",\"url\":\"https:\/\/ipanema-spirits.com\/\",\"name\":\"Conviva Engenharia\",\"description\":\"Exclusive, Unique, High Quality\",\"publisher\":{\"@id\":\"https:\/\/ipanema-spirits.com\/#organization\"},\"potentialAction\":[{\"@type\":\"SearchAction\",\"target\":{\"@type\":\"EntryPoint\",\"urlTemplate\":\"https:\/\/ipanema-spirits.com\/?s={search_term_string}\"},\"query-input\":{\"@type\":\"PropertyValueSpecification\",\"valueRequired\":true,\"valueName\":\"search_term_string\"}}],\"inLanguage\":\"de\"},{\"@type\":\"Organization\",\"@id\":\"https:\/\/ipanema-spirits.com\/#organization\",\"name\":\"Conviva Engenharia\",\"url\":\"https:\/\/ipanema-spirits.com\/\",\"logo\":{\"@type\":\"ImageObject\",\"inLanguage\":\"de\",\"@id\":\"https:\/\/ipanema-spirits.com\/#\/schema\/logo\/image\/\",\"url\":\"https:\/\/ipanema.idlab.art.br\/wp-content\/uploads\/2024\/05\/favicon.svg\",\"contentUrl\":\"https:\/\/ipanema.idlab.art.br\/wp-content\/uploads\/2024\/05\/favicon.svg\",\"width\":512,\"height\":512,\"caption\":\"Conviva Engenharia\"},\"image\":{\"@id\":\"https:\/\/ipanema-spirits.com\/#\/schema\/logo\/image\/\"}}]}<\/script>\n<!-- \/ Yoast SEO plugin. -->","yoast_head_json":{"title":"Topanito Reposado 100% Agave Tequila - Ipanema Spirits","robots":{"index":"index","follow":"follow","max-snippet":"max-snippet:-1","max-image-preview":"max-image-preview:large","max-video-preview":"max-video-preview:-1"},"canonical":"https:\/\/ipanema-spirits.com\/de\/shop\/product\/topanito-reposado-100-agave-tequila\/","og_locale":"de_DE","og_type":"article","og_title":"Topanito Reposado 100% Agave Tequila - Ipanema Spirits","og_description":"700ml \/ (\u20ac38,57 \/ 1 L) Inkl. 19% Mwst. \/ zzgl. Versandkosten \/ kostenlose Lieferung ab 60\u20ac Lieferung 2-3 Werktage  Entdecken Sie den exquisiten Topanito Reposado Tequila, hergestellt im Herzen von Tequila, Mexiko. Dieser Premium-Spirituosen wird aus 100% Agave produziert und in Eichenf\u00e4ssern gereift. Er bietet eine perfekte Balance der Agavengeschm\u00e4cker mit Nuancen von Vanille und Wildhonig. Genie\u00dfen Sie ihn pur aus einem Nosing-Glas oder gemixt in Ihrem Lieblings-Tequila-Cocktail. Erleben Sie den wahren Geschmack von Tradition und Qualit\u00e4t mit Topanito Reposado.  Erleben Sie eine wunderbare Fusion von Eiche, Vanille und Waldhonig-Noten mit dem k\u00f6stlichen Geschmack von Agave in diesem fassgereiften Spirituosen, der sich von der Raffinesse der Grappa inspirieren l\u00e4sst.","og_url":"https:\/\/ipanema-spirits.com\/de\/shop\/product\/topanito-reposado-100-agave-tequila\/","og_site_name":"Ipanema Spirits","article_modified_time":"2025-03-21T08:50:01+00:00","og_image":[{"width":1000,"height":1000,"url":"https:\/\/ipanema-spirits.com\/wp-content\/uploads\/2024\/09\/1301-topanito-reposado-tequila-front-2020-1200px.jpg.webp","type":"image\/webp"}],"twitter_card":"summary_large_image","twitter_misc":{"Gesch\u00e4tzte Lesezeit":"1\u00a0Minute"},"schema":{"@context":"https:\/\/schema.org","@graph":[{"@type":"WebPage","@id":"https:\/\/ipanema-spirits.com\/shop\/product\/topanito-reposado-100-agave-tequila\/","url":"https:\/\/ipanema-spirits.com\/shop\/product\/topanito-reposado-100-agave-tequila\/","name":"Topanito Reposado 100% Agave Tequila - Ipanema Spirits","isPartOf":{"@id":"https:\/\/ipanema-spirits.com\/#website"},"primaryImageOfPage":{"@id":"https:\/\/ipanema-spirits.com\/shop\/product\/topanito-reposado-100-agave-tequila\/#primaryimage"},"image":{"@id":"https:\/\/ipanema-spirits.com\/shop\/product\/topanito-reposado-100-agave-tequila\/#primaryimage"},"thumbnailUrl":"https:\/\/ipanema-spirits.com\/wp-content\/uploads\/2024\/09\/1301-topanito-reposado-tequila-front-2020-1200px.jpg.webp","datePublished":"2024-09-05T08:14:31+00:00","dateModified":"2025-03-21T08:50:01+00:00","breadcrumb":{"@id":"https:\/\/ipanema-spirits.com\/shop\/product\/topanito-reposado-100-agave-tequila\/#breadcrumb"},"inLanguage":"de","potentialAction":[{"@type":"ReadAction","target":["https:\/\/ipanema-spirits.com\/shop\/product\/topanito-reposado-100-agave-tequila\/"]}]},{"@type":"ImageObject","inLanguage":"de","@id":"https:\/\/ipanema-spirits.com\/shop\/product\/topanito-reposado-100-agave-tequila\/#primaryimage","url":"https:\/\/ipanema-spirits.com\/wp-content\/uploads\/2024\/09\/1301-topanito-reposado-tequila-front-2020-1200px.jpg.webp","contentUrl":"https:\/\/ipanema-spirits.com\/wp-content\/uploads\/2024\/09\/1301-topanito-reposado-tequila-front-2020-1200px.jpg.webp","width":1000,"height":1000},{"@type":"BreadcrumbList","@id":"https:\/\/ipanema-spirits.com\/shop\/product\/topanito-reposado-100-agave-tequila\/#breadcrumb","itemListElement":[{"@type":"ListItem","position":1,"name":"In\u00edcio","item":"https:\/\/ipanema-spirits.com\/"},{"@type":"ListItem","position":2,"name":"Shop","item":"https:\/\/ipanema-spirits.com\/de\/?page_id=4218"},{"@type":"ListItem","position":3,"name":"Topanito Reposado 100% Agave Tequila"}]},{"@type":"WebSite","@id":"https:\/\/ipanema-spirits.com\/#website","url":"https:\/\/ipanema-spirits.com\/","name":"Conviva Engenharia","description":"Exclusive, Unique, High Quality","publisher":{"@id":"https:\/\/ipanema-spirits.com\/#organization"},"potentialAction":[{"@type":"SearchAction","target":{"@type":"EntryPoint","urlTemplate":"https:\/\/ipanema-spirits.com\/?s={search_term_string}"},"query-input":{"@type":"PropertyValueSpecification","valueRequired":true,"valueName":"search_term_string"}}],"inLanguage":"de"},{"@type":"Organization","@id":"https:\/\/ipanema-spirits.com\/#organization","name":"Conviva Engenharia","url":"https:\/\/ipanema-spirits.com\/","logo":{"@type":"ImageObject","inLanguage":"de","@id":"https:\/\/ipanema-spirits.com\/#\/schema\/logo\/image\/","url":"https:\/\/ipanema.idlab.art.br\/wp-content\/uploads\/2024\/05\/favicon.svg","contentUrl":"https:\/\/ipanema.idlab.art.br\/wp-content\/uploads\/2024\/05\/favicon.svg","width":512,"height":512,"caption":"Conviva Engenharia"},"image":{"@id":"https:\/\/ipanema-spirits.com\/#\/schema\/logo\/image\/"}}]}},"_links":{"self":[{"href":"https:\/\/ipanema-spirits.com\/de\/wp-json\/wp\/v2\/product\/4706","targetHints":{"allow":["GET"]}}],"collection":[{"href":"https:\/\/ipanema-spirits.com\/de\/wp-json\/wp\/v2\/product"}],"about":[{"href":"https:\/\/ipanema-spirits.com\/de\/wp-json\/wp\/v2\/types\/product"}],"replies":[{"embeddable":true,"href":"https:\/\/ipanema-spirits.com\/de\/wp-json\/wp\/v2\/comments?post=4706"}],"wp:featuredmedia":[{"embeddable":true,"href":"https:\/\/ipanema-spirits.com\/de\/wp-json\/wp\/v2\/media\/4698"}],"wp:attachment":[{"href":"https:\/\/ipanema-spirits.com\/de\/wp-json\/wp\/v2\/media?parent=4706"}],"wp:term":[{"taxonomy":"product_brand","embeddable":true,"href":"https:\/\/ipanema-spirits.com\/de\/wp-json\/wp\/v2\/product_brand?post=4706"},{"taxonomy":"product_cat","embeddable":true,"href":"https:\/\/ipanema-spirits.com\/de\/wp-json\/wp\/v2\/product_cat?post=4706"},{"taxonomy":"product_tag","embeddable":true,"href":"https:\/\/ipanema-spirits.com\/de\/wp-json\/wp\/v2\/product_tag?post=4706"}],"curies":[{"name":"wp","href":"https:\/\/api.w.org\/{rel}","templated":true}]}}