{"id":4458,"date":"2024-08-31T08:57:17","date_gmt":"2024-08-31T11:57:17","guid":{"rendered":"https:\/\/darkgoldenrod-duck-705057.hostingersite.com\/?post_type=product&#038;p=4458"},"modified":"2025-03-21T09:37:27","modified_gmt":"2025-03-21T08:37:27","slug":"delicana-44","status":"publish","type":"product","link":"https:\/\/ipanema-spirits.com\/de\/shop\/product\/delicana-44\/","title":{"rendered":"Cacha\u00e7a Delicana 44\u00b0"},"content":{"rendered":"<p class=\"cvGsUA direction-ltr align-start para-style-body\"><span class=\"OYPEnA font-feature-liga-off font-feature-clig-off font-feature-calt-off text-decoration-none text-strikethrough-none\"><strong>Herstellung<\/strong>: <\/span><span class=\"OYPEnA font-feature-liga-off font-feature-clig-off font-feature-calt-off text-decoration-none text-strikethrough-none\">Pot still Cacha\u00e7a Artesanal<br \/>\n<\/span><span class=\"OYPEnA font-feature-liga-off font-feature-clig-off font-feature-calt-off text-decoration-none text-strikethrough-none\"><strong>Herkunft<\/strong>: <\/span><span class=\"OYPEnA font-feature-liga-off font-feature-clig-off font-feature-calt-off text-decoration-none text-strikethrough-none\">Salinas, Minas Gerais, Brasilien<br \/>\n<\/span><span class=\"OYPEnA font-feature-liga-off font-feature-clig-off font-feature-calt-off text-decoration-none text-strikethrough-none\"><strong>Lagerung<\/strong>: <\/span><span class=\"OYPEnA font-feature-liga-off font-feature-clig-off font-feature-calt-off text-decoration-none text-strikethrough-none\">3 Monate Jequitib\u00e1<br \/>\n<\/span><span class=\"OYPEnA font-feature-liga-off font-feature-clig-off font-feature-calt-off text-decoration-none text-strikethrough-none\"><strong>Alkoholgehalt<\/strong>: <\/span><span class=\"OYPEnA font-feature-liga-off font-feature-clig-off font-feature-calt-off text-decoration-none text-strikethrough-none\">44%<\/span><\/p>\n<p class=\"cvGsUA direction-ltr align-start para-style-body\"><span class=\"OYPEnA font-feature-liga-off font-feature-clig-off font-feature-calt-off text-decoration-none text-strikethrough-none\">\u00a0<\/span><\/p>","protected":false},"excerpt":{"rendered":"<p class=\"cvGsUA direction-ltr align-start para-style-body\"><strong>700ml \/ (\u20ac27,86 \/ 1 L)<\/strong><br \/>\n<strong>Inkl. 19% Mwst. \/ zzgl. Versandkosten \/ kostenlose Lieferung ab 60\u20ac<\/strong><br \/>\n<strong>Lieferung 2-3 Werktage<\/strong><\/p>\n<p class=\"cvGsUA direction-ltr align-start para-style-body\"><span class=\"OYPEnA font-feature-liga-off font-feature-clig-off font-feature-calt-off text-decoration-none text-strikethrough-none\">Dieser klare Cacha\u00e7a wird 3 Monate in Jequibit\u00e1- Holzf\u00e4ssern gelagert. Bei Lagerung in Jequitib\u00e1 entsteht keine F\u00e4rbung.<\/span><\/p>\n<p class=\"cvGsUA direction-ltr align-start para-style-body\"><span class=\"OYPEnA font-feature-liga-off font-feature-clig-off font-feature-calt-off text-decoration-none text-strikethrough-none\">Au\u00dferdem wird f\u00fcr die Herstellung nur reines Quellwasser und das beste <\/span><span class=\"OYPEnA font-feature-liga-off font-feature-clig-off font-feature-calt-off text-decoration-none text-strikethrough-none\">Zuckerrohr verwendet.<\/span><\/p>\n<p class=\"cvGsUA direction-ltr align-start para-style-body\"><span class=\"OYPEnA font-feature-liga-off font-feature-clig-off font-feature-calt-off text-decoration-none text-strikethrough-none\">Noch intensivere fruchtige S\u00fc\u00dfe und angenehme Milde. Top Bewertung in Mixology.<\/span><\/p>","protected":false},"featured_media":3746,"comment_status":"closed","ping_status":"closed","template":"","meta":[],"product_brand":[],"product_cat":[73],"product_tag":[],"class_list":{"0":"post-4458","1":"product","2":"type-product","3":"status-publish","4":"has-post-thumbnail","6":"product_cat-cachaca-artesanal","8":"first","9":"instock","10":"taxable","11":"shipping-taxable","12":"purchasable","13":"product-type-simple"},"yoast_head":"<!-- This site is optimized with the Yoast SEO plugin v24.7 - https:\/\/yoast.com\/wordpress\/plugins\/seo\/ -->\n<title>Cacha\u00e7a Delicana 44\u00b0 - Ipanema Spirits<\/title>\n<meta name=\"robots\" content=\"index, follow, max-snippet:-1, max-image-preview:large, max-video-preview:-1\" \/>\n<link rel=\"canonical\" href=\"https:\/\/ipanema-spirits.com\/de\/shop\/product\/delicana-44\/\" \/>\n<meta property=\"og:locale\" content=\"de_DE\" \/>\n<meta property=\"og:type\" content=\"article\" \/>\n<meta property=\"og:title\" content=\"Cacha\u00e7a Delicana 44\u00b0 - Ipanema Spirits\" \/>\n<meta property=\"og:description\" content=\"700ml \/ (\u20ac27,86 \/ 1 L) Inkl. 19% Mwst. \/ zzgl. Versandkosten \/ kostenlose Lieferung ab 60\u20ac Lieferung 2-3 Werktage Dieser klare Cacha\u00e7a wird 3 Monate in Jequibit\u00e1- Holzf\u00e4ssern gelagert. Bei Lagerung in Jequitib\u00e1 entsteht keine F\u00e4rbung. Au\u00dferdem wird f\u00fcr die Herstellung nur reines Quellwasser und das beste Zuckerrohr verwendet. Noch intensivere fruchtige S\u00fc\u00dfe und angenehme Milde. Top Bewertung in Mixology.\" \/>\n<meta property=\"og:url\" content=\"https:\/\/ipanema-spirits.com\/de\/shop\/product\/delicana-44\/\" \/>\n<meta property=\"og:site_name\" content=\"Ipanema Spirits\" \/>\n<meta property=\"article:modified_time\" content=\"2025-03-21T08:37:27+00:00\" \/>\n<meta property=\"og:image\" content=\"https:\/\/ipanema-spirits.com\/wp-content\/uploads\/2024\/07\/Delicana_44\u00b0-scaled.webp\" \/>\n\t<meta property=\"og:image:width\" content=\"1707\" \/>\n\t<meta property=\"og:image:height\" content=\"2560\" \/>\n\t<meta property=\"og:image:type\" content=\"image\/webp\" \/>\n<meta name=\"twitter:card\" content=\"summary_large_image\" \/>\n<meta name=\"twitter:label1\" content=\"Gesch\u00e4tzte Lesezeit\" \/>\n\t<meta name=\"twitter:data1\" content=\"1\u00a0Minute\" \/>\n<script type=\"application\/ld+json\" class=\"yoast-schema-graph\">{\"@context\":\"https:\/\/schema.org\",\"@graph\":[{\"@type\":\"WebPage\",\"@id\":\"https:\/\/ipanema-spirits.com\/shop\/product\/delicana-44\/\",\"url\":\"https:\/\/ipanema-spirits.com\/shop\/product\/delicana-44\/\",\"name\":\"Cacha\u00e7a Delicana 44\u00b0 - Ipanema Spirits\",\"isPartOf\":{\"@id\":\"https:\/\/ipanema-spirits.com\/#website\"},\"primaryImageOfPage\":{\"@id\":\"https:\/\/ipanema-spirits.com\/shop\/product\/delicana-44\/#primaryimage\"},\"image\":{\"@id\":\"https:\/\/ipanema-spirits.com\/shop\/product\/delicana-44\/#primaryimage\"},\"thumbnailUrl\":\"https:\/\/ipanema-spirits.com\/wp-content\/uploads\/2024\/07\/Delicana_44\u00b0-scaled.webp\",\"datePublished\":\"2024-08-31T11:57:17+00:00\",\"dateModified\":\"2025-03-21T08:37:27+00:00\",\"breadcrumb\":{\"@id\":\"https:\/\/ipanema-spirits.com\/shop\/product\/delicana-44\/#breadcrumb\"},\"inLanguage\":\"de\",\"potentialAction\":[{\"@type\":\"ReadAction\",\"target\":[\"https:\/\/ipanema-spirits.com\/shop\/product\/delicana-44\/\"]}]},{\"@type\":\"ImageObject\",\"inLanguage\":\"de\",\"@id\":\"https:\/\/ipanema-spirits.com\/shop\/product\/delicana-44\/#primaryimage\",\"url\":\"https:\/\/ipanema-spirits.com\/wp-content\/uploads\/2024\/07\/Delicana_44\u00b0-scaled.webp\",\"contentUrl\":\"https:\/\/ipanema-spirits.com\/wp-content\/uploads\/2024\/07\/Delicana_44\u00b0-scaled.webp\",\"width\":1707,\"height\":2560},{\"@type\":\"BreadcrumbList\",\"@id\":\"https:\/\/ipanema-spirits.com\/shop\/product\/delicana-44\/#breadcrumb\",\"itemListElement\":[{\"@type\":\"ListItem\",\"position\":1,\"name\":\"In\u00edcio\",\"item\":\"https:\/\/ipanema-spirits.com\/\"},{\"@type\":\"ListItem\",\"position\":2,\"name\":\"Shop\",\"item\":\"https:\/\/ipanema-spirits.com\/de\/?page_id=4218\"},{\"@type\":\"ListItem\",\"position\":3,\"name\":\"Cacha\u00e7a Delicana 44\u00b0\"}]},{\"@type\":\"WebSite\",\"@id\":\"https:\/\/ipanema-spirits.com\/#website\",\"url\":\"https:\/\/ipanema-spirits.com\/\",\"name\":\"Conviva Engenharia\",\"description\":\"Exclusive, Unique, High Quality\",\"publisher\":{\"@id\":\"https:\/\/ipanema-spirits.com\/#organization\"},\"potentialAction\":[{\"@type\":\"SearchAction\",\"target\":{\"@type\":\"EntryPoint\",\"urlTemplate\":\"https:\/\/ipanema-spirits.com\/?s={search_term_string}\"},\"query-input\":{\"@type\":\"PropertyValueSpecification\",\"valueRequired\":true,\"valueName\":\"search_term_string\"}}],\"inLanguage\":\"de\"},{\"@type\":\"Organization\",\"@id\":\"https:\/\/ipanema-spirits.com\/#organization\",\"name\":\"Conviva Engenharia\",\"url\":\"https:\/\/ipanema-spirits.com\/\",\"logo\":{\"@type\":\"ImageObject\",\"inLanguage\":\"de\",\"@id\":\"https:\/\/ipanema-spirits.com\/#\/schema\/logo\/image\/\",\"url\":\"https:\/\/ipanema.idlab.art.br\/wp-content\/uploads\/2024\/05\/favicon.svg\",\"contentUrl\":\"https:\/\/ipanema.idlab.art.br\/wp-content\/uploads\/2024\/05\/favicon.svg\",\"width\":512,\"height\":512,\"caption\":\"Conviva Engenharia\"},\"image\":{\"@id\":\"https:\/\/ipanema-spirits.com\/#\/schema\/logo\/image\/\"}}]}<\/script>\n<!-- \/ Yoast SEO plugin. -->","yoast_head_json":{"title":"Cacha\u00e7a Delicana 44\u00b0 - Ipanema Spirits","robots":{"index":"index","follow":"follow","max-snippet":"max-snippet:-1","max-image-preview":"max-image-preview:large","max-video-preview":"max-video-preview:-1"},"canonical":"https:\/\/ipanema-spirits.com\/de\/shop\/product\/delicana-44\/","og_locale":"de_DE","og_type":"article","og_title":"Cacha\u00e7a Delicana 44\u00b0 - Ipanema Spirits","og_description":"700ml \/ (\u20ac27,86 \/ 1 L) Inkl. 19% Mwst. \/ zzgl. Versandkosten \/ kostenlose Lieferung ab 60\u20ac Lieferung 2-3 Werktage Dieser klare Cacha\u00e7a wird 3 Monate in Jequibit\u00e1- Holzf\u00e4ssern gelagert. Bei Lagerung in Jequitib\u00e1 entsteht keine F\u00e4rbung. Au\u00dferdem wird f\u00fcr die Herstellung nur reines Quellwasser und das beste Zuckerrohr verwendet. Noch intensivere fruchtige S\u00fc\u00dfe und angenehme Milde. Top Bewertung in Mixology.","og_url":"https:\/\/ipanema-spirits.com\/de\/shop\/product\/delicana-44\/","og_site_name":"Ipanema Spirits","article_modified_time":"2025-03-21T08:37:27+00:00","og_image":[{"width":1707,"height":2560,"url":"https:\/\/ipanema-spirits.com\/wp-content\/uploads\/2024\/07\/Delicana_44\u00b0-scaled.webp","type":"image\/webp"}],"twitter_card":"summary_large_image","twitter_misc":{"Gesch\u00e4tzte Lesezeit":"1\u00a0Minute"},"schema":{"@context":"https:\/\/schema.org","@graph":[{"@type":"WebPage","@id":"https:\/\/ipanema-spirits.com\/shop\/product\/delicana-44\/","url":"https:\/\/ipanema-spirits.com\/shop\/product\/delicana-44\/","name":"Cacha\u00e7a Delicana 44\u00b0 - Ipanema Spirits","isPartOf":{"@id":"https:\/\/ipanema-spirits.com\/#website"},"primaryImageOfPage":{"@id":"https:\/\/ipanema-spirits.com\/shop\/product\/delicana-44\/#primaryimage"},"image":{"@id":"https:\/\/ipanema-spirits.com\/shop\/product\/delicana-44\/#primaryimage"},"thumbnailUrl":"https:\/\/ipanema-spirits.com\/wp-content\/uploads\/2024\/07\/Delicana_44\u00b0-scaled.webp","datePublished":"2024-08-31T11:57:17+00:00","dateModified":"2025-03-21T08:37:27+00:00","breadcrumb":{"@id":"https:\/\/ipanema-spirits.com\/shop\/product\/delicana-44\/#breadcrumb"},"inLanguage":"de","potentialAction":[{"@type":"ReadAction","target":["https:\/\/ipanema-spirits.com\/shop\/product\/delicana-44\/"]}]},{"@type":"ImageObject","inLanguage":"de","@id":"https:\/\/ipanema-spirits.com\/shop\/product\/delicana-44\/#primaryimage","url":"https:\/\/ipanema-spirits.com\/wp-content\/uploads\/2024\/07\/Delicana_44\u00b0-scaled.webp","contentUrl":"https:\/\/ipanema-spirits.com\/wp-content\/uploads\/2024\/07\/Delicana_44\u00b0-scaled.webp","width":1707,"height":2560},{"@type":"BreadcrumbList","@id":"https:\/\/ipanema-spirits.com\/shop\/product\/delicana-44\/#breadcrumb","itemListElement":[{"@type":"ListItem","position":1,"name":"In\u00edcio","item":"https:\/\/ipanema-spirits.com\/"},{"@type":"ListItem","position":2,"name":"Shop","item":"https:\/\/ipanema-spirits.com\/de\/?page_id=4218"},{"@type":"ListItem","position":3,"name":"Cacha\u00e7a Delicana 44\u00b0"}]},{"@type":"WebSite","@id":"https:\/\/ipanema-spirits.com\/#website","url":"https:\/\/ipanema-spirits.com\/","name":"Conviva Engenharia","description":"Exclusive, Unique, High Quality","publisher":{"@id":"https:\/\/ipanema-spirits.com\/#organization"},"potentialAction":[{"@type":"SearchAction","target":{"@type":"EntryPoint","urlTemplate":"https:\/\/ipanema-spirits.com\/?s={search_term_string}"},"query-input":{"@type":"PropertyValueSpecification","valueRequired":true,"valueName":"search_term_string"}}],"inLanguage":"de"},{"@type":"Organization","@id":"https:\/\/ipanema-spirits.com\/#organization","name":"Conviva Engenharia","url":"https:\/\/ipanema-spirits.com\/","logo":{"@type":"ImageObject","inLanguage":"de","@id":"https:\/\/ipanema-spirits.com\/#\/schema\/logo\/image\/","url":"https:\/\/ipanema.idlab.art.br\/wp-content\/uploads\/2024\/05\/favicon.svg","contentUrl":"https:\/\/ipanema.idlab.art.br\/wp-content\/uploads\/2024\/05\/favicon.svg","width":512,"height":512,"caption":"Conviva Engenharia"},"image":{"@id":"https:\/\/ipanema-spirits.com\/#\/schema\/logo\/image\/"}}]}},"_links":{"self":[{"href":"https:\/\/ipanema-spirits.com\/de\/wp-json\/wp\/v2\/product\/4458","targetHints":{"allow":["GET"]}}],"collection":[{"href":"https:\/\/ipanema-spirits.com\/de\/wp-json\/wp\/v2\/product"}],"about":[{"href":"https:\/\/ipanema-spirits.com\/de\/wp-json\/wp\/v2\/types\/product"}],"replies":[{"embeddable":true,"href":"https:\/\/ipanema-spirits.com\/de\/wp-json\/wp\/v2\/comments?post=4458"}],"wp:featuredmedia":[{"embeddable":true,"href":"https:\/\/ipanema-spirits.com\/de\/wp-json\/wp\/v2\/media\/3746"}],"wp:attachment":[{"href":"https:\/\/ipanema-spirits.com\/de\/wp-json\/wp\/v2\/media?parent=4458"}],"wp:term":[{"taxonomy":"product_brand","embeddable":true,"href":"https:\/\/ipanema-spirits.com\/de\/wp-json\/wp\/v2\/product_brand?post=4458"},{"taxonomy":"product_cat","embeddable":true,"href":"https:\/\/ipanema-spirits.com\/de\/wp-json\/wp\/v2\/product_cat?post=4458"},{"taxonomy":"product_tag","embeddable":true,"href":"https:\/\/ipanema-spirits.com\/de\/wp-json\/wp\/v2\/product_tag?post=4458"}],"curies":[{"name":"wp","href":"https:\/\/api.w.org\/{rel}","templated":true}]}}