{"id":4446,"date":"2024-08-31T08:47:15","date_gmt":"2024-08-31T11:47:15","guid":{"rendered":"https:\/\/darkgoldenrod-duck-705057.hostingersite.com\/?post_type=product&#038;p=4446"},"modified":"2026-04-07T14:40:49","modified_gmt":"2026-04-07T12:40:49","slug":"aov","status":"publish","type":"product","link":"https:\/\/ipanema-spirits.com\/de\/shop\/product\/aov\/","title":{"rendered":"AoV &#8211; The Art of Vodka"},"content":{"rendered":"<p data-start=\"118\" data-end=\"170\"><strong data-start=\"118\" data-end=\"170\">Erkosternotiz \u2013 So klar, so frisch, so besonders<\/strong><\/p>\n<p data-start=\"172\" data-end=\"629\"><strong data-start=\"172\" data-end=\"182\">Farbe:<\/strong> Glasklar \u2013 ein Versprechen f\u00fcr reine Qualit\u00e4t.<br data-start=\"229\" data-end=\"232\" \/><strong data-start=\"232\" data-end=\"242\">Aroma:<\/strong> Fein und ausgewogen \u2013 milde Zitrusnoten und ein Hauch von Weizen vereinen sich zu einem klaren, erfrischenden Duft.<br data-start=\"358\" data-end=\"361\" \/><strong data-start=\"361\" data-end=\"375\">Geschmack:<\/strong> Sanft und rund auf der Zunge. Der erste Eindruck ist frisch und leicht, mit belebenden Zitrusnoten und einem eleganten Mandel-Touch im Hintergrund.<br data-start=\"523\" data-end=\"526\" \/><strong data-start=\"526\" data-end=\"537\" data-is-only-node=\"\">Abgang:<\/strong> W\u00fcrzig-frisch und mittellang \u2013 ein harmonischer Ausklang, der den Genuss stilvoll abrundet.<br \/>\n<b>Alkoholgehalt:<\/b> 40%<\/p>\n<p><strong>700ml \/ (\u20ac32,71 \/ 1 L)<br \/>\nInkl. 19% Mwst. \/ zzgl. Versandkosten \/ kostenlose Lieferung ab 60\u20ac<\/strong><\/p>","protected":false},"excerpt":{"rendered":"<div class=\"page\" title=\"Page 5\">\n<div class=\"layoutArea\">\n<div class=\"column\">\n<div class=\"page\" title=\"Page 6\">\n<div class=\"layoutArea\">\n<div class=\"column\">\n<div class=\"page\" title=\"Page 6\">\n<div class=\"layoutArea\">\n<div class=\"column\">\n<div class=\"page\" title=\"Page 6\">\n<div class=\"layoutArea\">\n<div class=\"column\">\n<p class=\"p1\">Entdecken Sie die raffinierte Eleganz von AoV Vodka, der sorgf\u00e4ltig aus feinstem franz\u00f6sischen Weizen und frischer Schale brasilianischer Zitronen destilliert wird.<\/p>\n<p class=\"p1\">Unsere Meister-Destillateure verbinden traditionelles Handwerk mit moderner Pr\u00e4zision und gew\u00e4hrleisten, dass jeder Schritt des Herstellungsprozesses die un\u00fcbertroffene Qualit\u00e4t und Reinheit von AoV Vodka einf\u00e4ngt.<\/p>\n<p class=\"p1\">Der franz\u00f6sische Weizen, gewachsen auf n\u00e4hrstoffreichen B\u00f6den und unter idealen Klimabedingungen, verleiht AoV Vodka einen au\u00dfergew\u00f6hnlich weichen und raffinierten Charakter, w\u00e4hrend brasilianische Zitronenschalen eine frische, subtile Zitrusnote hinzuf\u00fcgen.<\/p>\n<\/div>\n<\/div>\n<\/div>\n<\/div>\n<\/div>\n<\/div>\n<\/div>\n<\/div>\n<\/div>\n<\/div>\n<\/div>\n<\/div>","protected":false},"featured_media":5568,"comment_status":"closed","ping_status":"closed","template":"","meta":[],"product_brand":[],"product_cat":[77],"product_tag":[],"class_list":{"0":"post-4446","1":"product","2":"type-product","3":"status-publish","4":"has-post-thumbnail","6":"product_cat-vodka","8":"first","9":"instock","10":"taxable","11":"shipping-taxable","12":"purchasable","13":"product-type-simple"},"yoast_head":"<!-- This site is optimized with the Yoast SEO plugin v24.7 - https:\/\/yoast.com\/wordpress\/plugins\/seo\/ -->\n<title>AoV - The Art of Vodka - Ipanema Spirits<\/title>\n<meta name=\"robots\" content=\"index, follow, max-snippet:-1, max-image-preview:large, max-video-preview:-1\" \/>\n<link rel=\"canonical\" href=\"https:\/\/ipanema-spirits.com\/de\/shop\/product\/aov\/\" \/>\n<meta property=\"og:locale\" content=\"de_DE\" \/>\n<meta property=\"og:type\" content=\"article\" \/>\n<meta property=\"og:title\" content=\"AoV - The Art of Vodka - Ipanema Spirits\" \/>\n<meta property=\"og:description\" content=\"Entdecken Sie die raffinierte Eleganz von AoV Vodka, der sorgf\u00e4ltig aus feinstem franz\u00f6sischen Weizen und frischer Schale brasilianischer Zitronen destilliert wird. Unsere Meister-Destillateure verbinden traditionelles Handwerk mit moderner Pr\u00e4zision und gew\u00e4hrleisten, dass jeder Schritt des Herstellungsprozesses die un\u00fcbertroffene Qualit\u00e4t und Reinheit von AoV Vodka einf\u00e4ngt. Der franz\u00f6sische Weizen, gewachsen auf n\u00e4hrstoffreichen B\u00f6den und unter idealen Klimabedingungen, verleiht AoV Vodka einen au\u00dfergew\u00f6hnlich weichen und raffinierten Charakter, w\u00e4hrend brasilianische Zitronenschalen eine frische, subtile Zitrusnote hinzuf\u00fcgen.\" \/>\n<meta property=\"og:url\" content=\"https:\/\/ipanema-spirits.com\/de\/shop\/product\/aov\/\" \/>\n<meta property=\"og:site_name\" content=\"Ipanema Spirits\" \/>\n<meta property=\"article:modified_time\" content=\"2026-04-07T12:40:49+00:00\" \/>\n<meta property=\"og:image\" content=\"https:\/\/ipanema-spirits.com\/wp-content\/uploads\/2024\/08\/Vodka_01-scaled.jpg\" \/>\n\t<meta property=\"og:image:width\" content=\"1917\" \/>\n\t<meta property=\"og:image:height\" content=\"2560\" \/>\n\t<meta property=\"og:image:type\" content=\"image\/jpeg\" \/>\n<meta name=\"twitter:card\" content=\"summary_large_image\" \/>\n<meta name=\"twitter:label1\" content=\"Gesch\u00e4tzte Lesezeit\" \/>\n\t<meta name=\"twitter:data1\" content=\"1\u00a0Minute\" \/>\n<script type=\"application\/ld+json\" class=\"yoast-schema-graph\">{\"@context\":\"https:\/\/schema.org\",\"@graph\":[{\"@type\":\"WebPage\",\"@id\":\"https:\/\/ipanema-spirits.com\/shop\/product\/aov\/\",\"url\":\"https:\/\/ipanema-spirits.com\/shop\/product\/aov\/\",\"name\":\"AoV - The Art of Vodka - Ipanema Spirits\",\"isPartOf\":{\"@id\":\"https:\/\/ipanema-spirits.com\/#website\"},\"primaryImageOfPage\":{\"@id\":\"https:\/\/ipanema-spirits.com\/shop\/product\/aov\/#primaryimage\"},\"image\":{\"@id\":\"https:\/\/ipanema-spirits.com\/shop\/product\/aov\/#primaryimage\"},\"thumbnailUrl\":\"https:\/\/ipanema-spirits.com\/wp-content\/uploads\/2024\/08\/Vodka_01-scaled.jpg\",\"datePublished\":\"2024-08-31T11:47:15+00:00\",\"dateModified\":\"2026-04-07T12:40:49+00:00\",\"breadcrumb\":{\"@id\":\"https:\/\/ipanema-spirits.com\/shop\/product\/aov\/#breadcrumb\"},\"inLanguage\":\"de\",\"potentialAction\":[{\"@type\":\"ReadAction\",\"target\":[\"https:\/\/ipanema-spirits.com\/shop\/product\/aov\/\"]}]},{\"@type\":\"ImageObject\",\"inLanguage\":\"de\",\"@id\":\"https:\/\/ipanema-spirits.com\/shop\/product\/aov\/#primaryimage\",\"url\":\"https:\/\/ipanema-spirits.com\/wp-content\/uploads\/2024\/08\/Vodka_01-scaled.jpg\",\"contentUrl\":\"https:\/\/ipanema-spirits.com\/wp-content\/uploads\/2024\/08\/Vodka_01-scaled.jpg\",\"width\":1917,\"height\":2560},{\"@type\":\"BreadcrumbList\",\"@id\":\"https:\/\/ipanema-spirits.com\/shop\/product\/aov\/#breadcrumb\",\"itemListElement\":[{\"@type\":\"ListItem\",\"position\":1,\"name\":\"In\u00edcio\",\"item\":\"https:\/\/ipanema-spirits.com\/\"},{\"@type\":\"ListItem\",\"position\":2,\"name\":\"Shop\",\"item\":\"https:\/\/ipanema-spirits.com\/de\/?page_id=4218\"},{\"@type\":\"ListItem\",\"position\":3,\"name\":\"AoV &#8211; The Art of Vodka\"}]},{\"@type\":\"WebSite\",\"@id\":\"https:\/\/ipanema-spirits.com\/#website\",\"url\":\"https:\/\/ipanema-spirits.com\/\",\"name\":\"Conviva Engenharia\",\"description\":\"Exclusive, Unique, High Quality\",\"publisher\":{\"@id\":\"https:\/\/ipanema-spirits.com\/#organization\"},\"potentialAction\":[{\"@type\":\"SearchAction\",\"target\":{\"@type\":\"EntryPoint\",\"urlTemplate\":\"https:\/\/ipanema-spirits.com\/?s={search_term_string}\"},\"query-input\":{\"@type\":\"PropertyValueSpecification\",\"valueRequired\":true,\"valueName\":\"search_term_string\"}}],\"inLanguage\":\"de\"},{\"@type\":\"Organization\",\"@id\":\"https:\/\/ipanema-spirits.com\/#organization\",\"name\":\"Conviva Engenharia\",\"url\":\"https:\/\/ipanema-spirits.com\/\",\"logo\":{\"@type\":\"ImageObject\",\"inLanguage\":\"de\",\"@id\":\"https:\/\/ipanema-spirits.com\/#\/schema\/logo\/image\/\",\"url\":\"https:\/\/ipanema.idlab.art.br\/wp-content\/uploads\/2024\/05\/favicon.svg\",\"contentUrl\":\"https:\/\/ipanema.idlab.art.br\/wp-content\/uploads\/2024\/05\/favicon.svg\",\"width\":512,\"height\":512,\"caption\":\"Conviva Engenharia\"},\"image\":{\"@id\":\"https:\/\/ipanema-spirits.com\/#\/schema\/logo\/image\/\"}}]}<\/script>\n<!-- \/ Yoast SEO plugin. -->","yoast_head_json":{"title":"AoV - The Art of Vodka - Ipanema Spirits","robots":{"index":"index","follow":"follow","max-snippet":"max-snippet:-1","max-image-preview":"max-image-preview:large","max-video-preview":"max-video-preview:-1"},"canonical":"https:\/\/ipanema-spirits.com\/de\/shop\/product\/aov\/","og_locale":"de_DE","og_type":"article","og_title":"AoV - The Art of Vodka - Ipanema Spirits","og_description":"Entdecken Sie die raffinierte Eleganz von AoV Vodka, der sorgf\u00e4ltig aus feinstem franz\u00f6sischen Weizen und frischer Schale brasilianischer Zitronen destilliert wird. Unsere Meister-Destillateure verbinden traditionelles Handwerk mit moderner Pr\u00e4zision und gew\u00e4hrleisten, dass jeder Schritt des Herstellungsprozesses die un\u00fcbertroffene Qualit\u00e4t und Reinheit von AoV Vodka einf\u00e4ngt. Der franz\u00f6sische Weizen, gewachsen auf n\u00e4hrstoffreichen B\u00f6den und unter idealen Klimabedingungen, verleiht AoV Vodka einen au\u00dfergew\u00f6hnlich weichen und raffinierten Charakter, w\u00e4hrend brasilianische Zitronenschalen eine frische, subtile Zitrusnote hinzuf\u00fcgen.","og_url":"https:\/\/ipanema-spirits.com\/de\/shop\/product\/aov\/","og_site_name":"Ipanema Spirits","article_modified_time":"2026-04-07T12:40:49+00:00","og_image":[{"width":1917,"height":2560,"url":"https:\/\/ipanema-spirits.com\/wp-content\/uploads\/2024\/08\/Vodka_01-scaled.jpg","type":"image\/jpeg"}],"twitter_card":"summary_large_image","twitter_misc":{"Gesch\u00e4tzte Lesezeit":"1\u00a0Minute"},"schema":{"@context":"https:\/\/schema.org","@graph":[{"@type":"WebPage","@id":"https:\/\/ipanema-spirits.com\/shop\/product\/aov\/","url":"https:\/\/ipanema-spirits.com\/shop\/product\/aov\/","name":"AoV - The Art of Vodka - Ipanema Spirits","isPartOf":{"@id":"https:\/\/ipanema-spirits.com\/#website"},"primaryImageOfPage":{"@id":"https:\/\/ipanema-spirits.com\/shop\/product\/aov\/#primaryimage"},"image":{"@id":"https:\/\/ipanema-spirits.com\/shop\/product\/aov\/#primaryimage"},"thumbnailUrl":"https:\/\/ipanema-spirits.com\/wp-content\/uploads\/2024\/08\/Vodka_01-scaled.jpg","datePublished":"2024-08-31T11:47:15+00:00","dateModified":"2026-04-07T12:40:49+00:00","breadcrumb":{"@id":"https:\/\/ipanema-spirits.com\/shop\/product\/aov\/#breadcrumb"},"inLanguage":"de","potentialAction":[{"@type":"ReadAction","target":["https:\/\/ipanema-spirits.com\/shop\/product\/aov\/"]}]},{"@type":"ImageObject","inLanguage":"de","@id":"https:\/\/ipanema-spirits.com\/shop\/product\/aov\/#primaryimage","url":"https:\/\/ipanema-spirits.com\/wp-content\/uploads\/2024\/08\/Vodka_01-scaled.jpg","contentUrl":"https:\/\/ipanema-spirits.com\/wp-content\/uploads\/2024\/08\/Vodka_01-scaled.jpg","width":1917,"height":2560},{"@type":"BreadcrumbList","@id":"https:\/\/ipanema-spirits.com\/shop\/product\/aov\/#breadcrumb","itemListElement":[{"@type":"ListItem","position":1,"name":"In\u00edcio","item":"https:\/\/ipanema-spirits.com\/"},{"@type":"ListItem","position":2,"name":"Shop","item":"https:\/\/ipanema-spirits.com\/de\/?page_id=4218"},{"@type":"ListItem","position":3,"name":"AoV &#8211; The Art of Vodka"}]},{"@type":"WebSite","@id":"https:\/\/ipanema-spirits.com\/#website","url":"https:\/\/ipanema-spirits.com\/","name":"Conviva Engenharia","description":"Exclusive, Unique, High Quality","publisher":{"@id":"https:\/\/ipanema-spirits.com\/#organization"},"potentialAction":[{"@type":"SearchAction","target":{"@type":"EntryPoint","urlTemplate":"https:\/\/ipanema-spirits.com\/?s={search_term_string}"},"query-input":{"@type":"PropertyValueSpecification","valueRequired":true,"valueName":"search_term_string"}}],"inLanguage":"de"},{"@type":"Organization","@id":"https:\/\/ipanema-spirits.com\/#organization","name":"Conviva Engenharia","url":"https:\/\/ipanema-spirits.com\/","logo":{"@type":"ImageObject","inLanguage":"de","@id":"https:\/\/ipanema-spirits.com\/#\/schema\/logo\/image\/","url":"https:\/\/ipanema.idlab.art.br\/wp-content\/uploads\/2024\/05\/favicon.svg","contentUrl":"https:\/\/ipanema.idlab.art.br\/wp-content\/uploads\/2024\/05\/favicon.svg","width":512,"height":512,"caption":"Conviva Engenharia"},"image":{"@id":"https:\/\/ipanema-spirits.com\/#\/schema\/logo\/image\/"}}]}},"_links":{"self":[{"href":"https:\/\/ipanema-spirits.com\/de\/wp-json\/wp\/v2\/product\/4446","targetHints":{"allow":["GET"]}}],"collection":[{"href":"https:\/\/ipanema-spirits.com\/de\/wp-json\/wp\/v2\/product"}],"about":[{"href":"https:\/\/ipanema-spirits.com\/de\/wp-json\/wp\/v2\/types\/product"}],"replies":[{"embeddable":true,"href":"https:\/\/ipanema-spirits.com\/de\/wp-json\/wp\/v2\/comments?post=4446"}],"wp:featuredmedia":[{"embeddable":true,"href":"https:\/\/ipanema-spirits.com\/de\/wp-json\/wp\/v2\/media\/5568"}],"wp:attachment":[{"href":"https:\/\/ipanema-spirits.com\/de\/wp-json\/wp\/v2\/media?parent=4446"}],"wp:term":[{"taxonomy":"product_brand","embeddable":true,"href":"https:\/\/ipanema-spirits.com\/de\/wp-json\/wp\/v2\/product_brand?post=4446"},{"taxonomy":"product_cat","embeddable":true,"href":"https:\/\/ipanema-spirits.com\/de\/wp-json\/wp\/v2\/product_cat?post=4446"},{"taxonomy":"product_tag","embeddable":true,"href":"https:\/\/ipanema-spirits.com\/de\/wp-json\/wp\/v2\/product_tag?post=4446"}],"curies":[{"name":"wp","href":"https:\/\/api.w.org\/{rel}","templated":true}]}}