{"id":4433,"date":"2024-08-31T07:47:10","date_gmt":"2024-08-31T10:47:10","guid":{"rendered":"https:\/\/darkgoldenrod-duck-705057.hostingersite.com\/?post_type=product&#038;p=4433"},"modified":"2026-04-07T14:41:23","modified_gmt":"2026-04-07T12:41:23","slug":"arpoador-orange","status":"publish","type":"product","link":"https:\/\/ipanema-spirits.com\/de\/shop\/product\/arpoador-orange\/","title":{"rendered":"ARPOADOR Orange Flavoured Gin"},"content":{"rendered":"<p><strong>Verkosternotiz:<\/strong><br \/>\n<strong>Farbe: <\/strong>Strahlend orange, verk\u00f6rpert Frische und Lebendigkeit.<br \/>\n<strong>Geschmack: <\/strong>Leicht s\u00fc\u00dflich, mit der Frische brasilianischer Orangen, ausbalanciert durch feine Gew\u00fcrznuancen und eine zarte fruchtige S\u00fc\u00dfe.<br \/>\n<strong>Aroma:<\/strong>Intensiv und einladend, mit reifer Orange im Vordergrund, erg\u00e4nzt durch einen floralen Hauch von Lavendel und subtile Gew\u00fcrznoten wie Zimt und Pfeffer, die Komplexit\u00e4t hinzuf\u00fcgen.<br \/>\n<strong>Abgang: <\/strong>Lang und trocken, bei dem die Frische der Orange und die Gew\u00fcrze harmonisch nachklingen und ein angenehmes, anhaltendes Finish hinterlassen<i>.<br \/>\n<\/i><b>Alkoholgehalt:<\/b> 37,5%<\/p>\n<p><strong>700ml \/ (\u20ac37,00 \/ 1 L)<\/strong><br \/>\n<strong><span style=\"font-family: -apple-system, BlinkMacSystemFont, 'Segoe UI', Roboto, 'Helvetica Neue', Arial, 'Noto Sans', sans-serif, 'Apple Color Emoji', 'Segoe UI Emoji', 'Segoe UI Symbol', 'Noto Color Emoji';\">Inkl. 19% Mwst. \/ zzgl. Versandkosten \/ kostenlose Lieferung ab 30\u20ac<br \/>\n<\/span><span style=\"font-family: -apple-system, BlinkMacSystemFont, 'Segoe UI', Roboto, 'Helvetica Neue', Arial, 'Noto Sans', sans-serif, 'Apple Color Emoji', 'Segoe UI Emoji', 'Segoe UI Symbol', 'Noto Color Emoji';\">Lieferung 2-3 Werktage<\/span><\/strong><\/p>","protected":false},"excerpt":{"rendered":"<div class=\"page\" title=\"Page 5\">\n<div class=\"layoutArea\">\n<div class=\"column\">\n<div class=\"page\" title=\"Page 6\">\n<div class=\"layoutArea\">\n<div class=\"column\">\n<div class=\"page\" title=\"Page 6\">\n<div class=\"layoutArea\">\n<div class=\"column\">\n<div class=\"page\" title=\"Page 6\">\n<div class=\"layoutArea\">\n<div class=\"column\">\n<p><strong>ARPOADOR Orange Flavoured<\/strong> ist ein reichhaltiges und fesselndes Erlebnis, das intensive Aromen mit einer ausgewogenen Mischung aus S\u00fc\u00dfe und Komplexit\u00e4t vereint. Es bietet ein raffiniertes, zitrusbetontes Geschmackserlebnis, bei dem die nat\u00fcrliche S\u00fc\u00dfe brasilianischer Orangen durch einen Hauch eleganter Gew\u00fcrze harmonisch erg\u00e4nzt wird.<\/p>\n<p class=\"p1\"><i>\u00a0<\/i><\/p>\n<p>&nbsp;<\/p>\n<\/div>\n<\/div>\n<\/div>\n<\/div>\n<\/div>\n<\/div>\n<\/div>\n<\/div>\n<\/div>\n<\/div>\n<\/div>\n<\/div>","protected":false},"featured_media":5569,"comment_status":"closed","ping_status":"closed","template":"","meta":[],"product_brand":[],"product_cat":[72],"product_tag":[],"class_list":{"0":"post-4433","1":"product","2":"type-product","3":"status-publish","4":"has-post-thumbnail","6":"product_cat-gin","8":"first","9":"instock","10":"taxable","11":"shipping-taxable","12":"purchasable","13":"product-type-simple"},"yoast_head":"<!-- This site is optimized with the Yoast SEO plugin v24.7 - https:\/\/yoast.com\/wordpress\/plugins\/seo\/ -->\n<title>ARPOADOR Orange Flavoured Gin - Ipanema Spirits<\/title>\n<meta name=\"description\" content=\"ARPOADOR Orange Flavoured ist ein reichhaltiges und fesselndes Erlebnis, das intensive Aromen mit einer ausgewogenen Mischung aus S\u00fc\u00dfe und Komplexit\u00e4t vereint. Es bietet ein raffiniertes, zitrusbetontes Geschmackserlebnis, bei dem die nat\u00fcrliche S\u00fc\u00dfe brasilianischer Orangen durch einen Hauch eleganter Gew\u00fcrze harmonisch erg\u00e4nzt wird.\" \/>\n<meta name=\"robots\" content=\"index, follow, max-snippet:-1, max-image-preview:large, max-video-preview:-1\" \/>\n<link rel=\"canonical\" href=\"https:\/\/ipanema-spirits.com\/de\/shop\/product\/arpoador-orange\/\" \/>\n<meta property=\"og:locale\" content=\"de_DE\" \/>\n<meta property=\"og:type\" content=\"article\" \/>\n<meta property=\"og:title\" content=\"ARPOADOR Orange Flavoured Gin - Ipanema Spirits\" \/>\n<meta property=\"og:description\" content=\"ARPOADOR Orange Flavoured ist ein reichhaltiges und fesselndes Erlebnis, das intensive Aromen mit einer ausgewogenen Mischung aus S\u00fc\u00dfe und Komplexit\u00e4t vereint. Es bietet ein raffiniertes, zitrusbetontes Geschmackserlebnis, bei dem die nat\u00fcrliche S\u00fc\u00dfe brasilianischer Orangen durch einen Hauch eleganter Gew\u00fcrze harmonisch erg\u00e4nzt wird.\" \/>\n<meta property=\"og:url\" content=\"https:\/\/ipanema-spirits.com\/de\/shop\/product\/arpoador-orange\/\" \/>\n<meta property=\"og:site_name\" content=\"Ipanema Spirits\" \/>\n<meta property=\"article:modified_time\" content=\"2026-04-07T12:41:23+00:00\" \/>\n<meta property=\"og:image\" content=\"https:\/\/ipanema-spirits.com\/wp-content\/uploads\/2024\/08\/Orange_Gin_01-1-scaled.jpg\" \/>\n\t<meta property=\"og:image:width\" content=\"1917\" \/>\n\t<meta property=\"og:image:height\" content=\"2560\" \/>\n\t<meta property=\"og:image:type\" content=\"image\/jpeg\" \/>\n<meta name=\"twitter:card\" content=\"summary_large_image\" \/>\n<meta name=\"twitter:label1\" content=\"Gesch\u00e4tzte Lesezeit\" \/>\n\t<meta name=\"twitter:data1\" content=\"1\u00a0Minute\" \/>\n<script type=\"application\/ld+json\" class=\"yoast-schema-graph\">{\"@context\":\"https:\/\/schema.org\",\"@graph\":[{\"@type\":\"WebPage\",\"@id\":\"https:\/\/ipanema-spirits.com\/shop\/product\/arpoador-orange\/\",\"url\":\"https:\/\/ipanema-spirits.com\/shop\/product\/arpoador-orange\/\",\"name\":\"ARPOADOR Orange Flavoured Gin - Ipanema Spirits\",\"isPartOf\":{\"@id\":\"https:\/\/ipanema-spirits.com\/#website\"},\"primaryImageOfPage\":{\"@id\":\"https:\/\/ipanema-spirits.com\/shop\/product\/arpoador-orange\/#primaryimage\"},\"image\":{\"@id\":\"https:\/\/ipanema-spirits.com\/shop\/product\/arpoador-orange\/#primaryimage\"},\"thumbnailUrl\":\"https:\/\/ipanema-spirits.com\/wp-content\/uploads\/2024\/08\/Orange_Gin_01-1-scaled.jpg\",\"datePublished\":\"2024-08-31T10:47:10+00:00\",\"dateModified\":\"2026-04-07T12:41:23+00:00\",\"description\":\"ARPOADOR Orange Flavoured ist ein reichhaltiges und fesselndes Erlebnis, das intensive Aromen mit einer ausgewogenen Mischung aus S\u00fc\u00dfe und Komplexit\u00e4t vereint. Es bietet ein raffiniertes, zitrusbetontes Geschmackserlebnis, bei dem die nat\u00fcrliche S\u00fc\u00dfe brasilianischer Orangen durch einen Hauch eleganter Gew\u00fcrze harmonisch erg\u00e4nzt wird.\",\"breadcrumb\":{\"@id\":\"https:\/\/ipanema-spirits.com\/shop\/product\/arpoador-orange\/#breadcrumb\"},\"inLanguage\":\"de\",\"potentialAction\":[{\"@type\":\"ReadAction\",\"target\":[\"https:\/\/ipanema-spirits.com\/shop\/product\/arpoador-orange\/\"]}]},{\"@type\":\"ImageObject\",\"inLanguage\":\"de\",\"@id\":\"https:\/\/ipanema-spirits.com\/shop\/product\/arpoador-orange\/#primaryimage\",\"url\":\"https:\/\/ipanema-spirits.com\/wp-content\/uploads\/2024\/08\/Orange_Gin_01-1-scaled.jpg\",\"contentUrl\":\"https:\/\/ipanema-spirits.com\/wp-content\/uploads\/2024\/08\/Orange_Gin_01-1-scaled.jpg\",\"width\":1917,\"height\":2560},{\"@type\":\"BreadcrumbList\",\"@id\":\"https:\/\/ipanema-spirits.com\/shop\/product\/arpoador-orange\/#breadcrumb\",\"itemListElement\":[{\"@type\":\"ListItem\",\"position\":1,\"name\":\"In\u00edcio\",\"item\":\"https:\/\/ipanema-spirits.com\/\"},{\"@type\":\"ListItem\",\"position\":2,\"name\":\"Shop\",\"item\":\"https:\/\/ipanema-spirits.com\/de\/?page_id=4218\"},{\"@type\":\"ListItem\",\"position\":3,\"name\":\"ARPOADOR Orange Flavoured Gin\"}]},{\"@type\":\"WebSite\",\"@id\":\"https:\/\/ipanema-spirits.com\/#website\",\"url\":\"https:\/\/ipanema-spirits.com\/\",\"name\":\"Conviva Engenharia\",\"description\":\"Exclusive, Unique, High Quality\",\"publisher\":{\"@id\":\"https:\/\/ipanema-spirits.com\/#organization\"},\"potentialAction\":[{\"@type\":\"SearchAction\",\"target\":{\"@type\":\"EntryPoint\",\"urlTemplate\":\"https:\/\/ipanema-spirits.com\/?s={search_term_string}\"},\"query-input\":{\"@type\":\"PropertyValueSpecification\",\"valueRequired\":true,\"valueName\":\"search_term_string\"}}],\"inLanguage\":\"de\"},{\"@type\":\"Organization\",\"@id\":\"https:\/\/ipanema-spirits.com\/#organization\",\"name\":\"Conviva Engenharia\",\"url\":\"https:\/\/ipanema-spirits.com\/\",\"logo\":{\"@type\":\"ImageObject\",\"inLanguage\":\"de\",\"@id\":\"https:\/\/ipanema-spirits.com\/#\/schema\/logo\/image\/\",\"url\":\"https:\/\/ipanema.idlab.art.br\/wp-content\/uploads\/2024\/05\/favicon.svg\",\"contentUrl\":\"https:\/\/ipanema.idlab.art.br\/wp-content\/uploads\/2024\/05\/favicon.svg\",\"width\":512,\"height\":512,\"caption\":\"Conviva Engenharia\"},\"image\":{\"@id\":\"https:\/\/ipanema-spirits.com\/#\/schema\/logo\/image\/\"}}]}<\/script>\n<!-- \/ Yoast SEO plugin. -->","yoast_head_json":{"title":"ARPOADOR Orange Flavoured Gin - Ipanema Spirits","description":"ARPOADOR Orange Flavoured ist ein reichhaltiges und fesselndes Erlebnis, das intensive Aromen mit einer ausgewogenen Mischung aus S\u00fc\u00dfe und Komplexit\u00e4t vereint. Es bietet ein raffiniertes, zitrusbetontes Geschmackserlebnis, bei dem die nat\u00fcrliche S\u00fc\u00dfe brasilianischer Orangen durch einen Hauch eleganter Gew\u00fcrze harmonisch erg\u00e4nzt wird.","robots":{"index":"index","follow":"follow","max-snippet":"max-snippet:-1","max-image-preview":"max-image-preview:large","max-video-preview":"max-video-preview:-1"},"canonical":"https:\/\/ipanema-spirits.com\/de\/shop\/product\/arpoador-orange\/","og_locale":"de_DE","og_type":"article","og_title":"ARPOADOR Orange Flavoured Gin - Ipanema Spirits","og_description":"ARPOADOR Orange Flavoured ist ein reichhaltiges und fesselndes Erlebnis, das intensive Aromen mit einer ausgewogenen Mischung aus S\u00fc\u00dfe und Komplexit\u00e4t vereint. Es bietet ein raffiniertes, zitrusbetontes Geschmackserlebnis, bei dem die nat\u00fcrliche S\u00fc\u00dfe brasilianischer Orangen durch einen Hauch eleganter Gew\u00fcrze harmonisch erg\u00e4nzt wird.","og_url":"https:\/\/ipanema-spirits.com\/de\/shop\/product\/arpoador-orange\/","og_site_name":"Ipanema Spirits","article_modified_time":"2026-04-07T12:41:23+00:00","og_image":[{"width":1917,"height":2560,"url":"https:\/\/ipanema-spirits.com\/wp-content\/uploads\/2024\/08\/Orange_Gin_01-1-scaled.jpg","type":"image\/jpeg"}],"twitter_card":"summary_large_image","twitter_misc":{"Gesch\u00e4tzte Lesezeit":"1\u00a0Minute"},"schema":{"@context":"https:\/\/schema.org","@graph":[{"@type":"WebPage","@id":"https:\/\/ipanema-spirits.com\/shop\/product\/arpoador-orange\/","url":"https:\/\/ipanema-spirits.com\/shop\/product\/arpoador-orange\/","name":"ARPOADOR Orange Flavoured Gin - Ipanema Spirits","isPartOf":{"@id":"https:\/\/ipanema-spirits.com\/#website"},"primaryImageOfPage":{"@id":"https:\/\/ipanema-spirits.com\/shop\/product\/arpoador-orange\/#primaryimage"},"image":{"@id":"https:\/\/ipanema-spirits.com\/shop\/product\/arpoador-orange\/#primaryimage"},"thumbnailUrl":"https:\/\/ipanema-spirits.com\/wp-content\/uploads\/2024\/08\/Orange_Gin_01-1-scaled.jpg","datePublished":"2024-08-31T10:47:10+00:00","dateModified":"2026-04-07T12:41:23+00:00","description":"ARPOADOR Orange Flavoured ist ein reichhaltiges und fesselndes Erlebnis, das intensive Aromen mit einer ausgewogenen Mischung aus S\u00fc\u00dfe und Komplexit\u00e4t vereint. Es bietet ein raffiniertes, zitrusbetontes Geschmackserlebnis, bei dem die nat\u00fcrliche S\u00fc\u00dfe brasilianischer Orangen durch einen Hauch eleganter Gew\u00fcrze harmonisch erg\u00e4nzt wird.","breadcrumb":{"@id":"https:\/\/ipanema-spirits.com\/shop\/product\/arpoador-orange\/#breadcrumb"},"inLanguage":"de","potentialAction":[{"@type":"ReadAction","target":["https:\/\/ipanema-spirits.com\/shop\/product\/arpoador-orange\/"]}]},{"@type":"ImageObject","inLanguage":"de","@id":"https:\/\/ipanema-spirits.com\/shop\/product\/arpoador-orange\/#primaryimage","url":"https:\/\/ipanema-spirits.com\/wp-content\/uploads\/2024\/08\/Orange_Gin_01-1-scaled.jpg","contentUrl":"https:\/\/ipanema-spirits.com\/wp-content\/uploads\/2024\/08\/Orange_Gin_01-1-scaled.jpg","width":1917,"height":2560},{"@type":"BreadcrumbList","@id":"https:\/\/ipanema-spirits.com\/shop\/product\/arpoador-orange\/#breadcrumb","itemListElement":[{"@type":"ListItem","position":1,"name":"In\u00edcio","item":"https:\/\/ipanema-spirits.com\/"},{"@type":"ListItem","position":2,"name":"Shop","item":"https:\/\/ipanema-spirits.com\/de\/?page_id=4218"},{"@type":"ListItem","position":3,"name":"ARPOADOR Orange Flavoured Gin"}]},{"@type":"WebSite","@id":"https:\/\/ipanema-spirits.com\/#website","url":"https:\/\/ipanema-spirits.com\/","name":"Conviva Engenharia","description":"Exclusive, Unique, High Quality","publisher":{"@id":"https:\/\/ipanema-spirits.com\/#organization"},"potentialAction":[{"@type":"SearchAction","target":{"@type":"EntryPoint","urlTemplate":"https:\/\/ipanema-spirits.com\/?s={search_term_string}"},"query-input":{"@type":"PropertyValueSpecification","valueRequired":true,"valueName":"search_term_string"}}],"inLanguage":"de"},{"@type":"Organization","@id":"https:\/\/ipanema-spirits.com\/#organization","name":"Conviva Engenharia","url":"https:\/\/ipanema-spirits.com\/","logo":{"@type":"ImageObject","inLanguage":"de","@id":"https:\/\/ipanema-spirits.com\/#\/schema\/logo\/image\/","url":"https:\/\/ipanema.idlab.art.br\/wp-content\/uploads\/2024\/05\/favicon.svg","contentUrl":"https:\/\/ipanema.idlab.art.br\/wp-content\/uploads\/2024\/05\/favicon.svg","width":512,"height":512,"caption":"Conviva Engenharia"},"image":{"@id":"https:\/\/ipanema-spirits.com\/#\/schema\/logo\/image\/"}}]}},"_links":{"self":[{"href":"https:\/\/ipanema-spirits.com\/de\/wp-json\/wp\/v2\/product\/4433","targetHints":{"allow":["GET"]}}],"collection":[{"href":"https:\/\/ipanema-spirits.com\/de\/wp-json\/wp\/v2\/product"}],"about":[{"href":"https:\/\/ipanema-spirits.com\/de\/wp-json\/wp\/v2\/types\/product"}],"replies":[{"embeddable":true,"href":"https:\/\/ipanema-spirits.com\/de\/wp-json\/wp\/v2\/comments?post=4433"}],"wp:featuredmedia":[{"embeddable":true,"href":"https:\/\/ipanema-spirits.com\/de\/wp-json\/wp\/v2\/media\/5569"}],"wp:attachment":[{"href":"https:\/\/ipanema-spirits.com\/de\/wp-json\/wp\/v2\/media?parent=4433"}],"wp:term":[{"taxonomy":"product_brand","embeddable":true,"href":"https:\/\/ipanema-spirits.com\/de\/wp-json\/wp\/v2\/product_brand?post=4433"},{"taxonomy":"product_cat","embeddable":true,"href":"https:\/\/ipanema-spirits.com\/de\/wp-json\/wp\/v2\/product_cat?post=4433"},{"taxonomy":"product_tag","embeddable":true,"href":"https:\/\/ipanema-spirits.com\/de\/wp-json\/wp\/v2\/product_tag?post=4433"}],"curies":[{"name":"wp","href":"https:\/\/api.w.org\/{rel}","templated":true}]}}