{"id":4418,"date":"2024-08-31T07:20:07","date_gmt":"2024-08-31T10:20:07","guid":{"rendered":"https:\/\/darkgoldenrod-duck-705057.hostingersite.com\/?post_type=product&#038;p=4418"},"modified":"2025-12-09T10:59:12","modified_gmt":"2025-12-09T09:59:12","slug":"panamar-18-years","status":"publish","type":"product","link":"https:\/\/ipanema-spirits.com\/de\/shop\/product\/panamar-18-years\/","title":{"rendered":"Panamar Rum 18 Years"},"content":{"rendered":"<p><strong>Verkosternotiz:<\/strong><br \/>\n<strong>Farbe:<\/strong> Dunkles bernstein.<br \/>\n<strong>Nase:<\/strong> Intensives Aroma von Vanille, Karamell und ger\u00f6steten N\u00fcssen, subtile Noten von Gew\u00fcrzen und Fr\u00fcchten.<br \/>\n<strong>Geschmack:<\/strong> Vollmundiger Geschmack von Vanille und Karamell, begleitet von einer angenehmen S\u00fc\u00dfe. Subtile Noten von Gew\u00fcrzen und Fr\u00fcchten verleihen dem Rum eine angenehme Komplexit\u00e4t.<br \/>\n<strong>Abgang:<\/strong> langer Abgang.<br \/>\n<b>Alkoholgehalt:<\/b><span style=\"font-weight: 400;\"> 43%<\/span><\/p>","protected":false},"excerpt":{"rendered":"<p><strong>700ml \/ (\u20ac71,29 \/ 1 L)<br \/>\nInkl. 19% Mwst. \/ zzgl. Versandkosten \/ kostenlose Lieferung ab 60\u20ac<\/strong><br \/>\n<strong><span style=\"font-family: -apple-system, BlinkMacSystemFont, 'Segoe UI', Roboto, 'Helvetica Neue', Arial, 'Noto Sans', sans-serif, 'Apple Color Emoji', 'Segoe UI Emoji', 'Segoe UI Symbol', 'Noto Color Emoji';\">Lieferung 2-3 Werktage<\/span><\/strong><\/p>\n<p><span style=\"font-weight: 400;\">Wir bringen traditionelles panamaisches Handwerk auf einzigartige Weise zum Ausdruck, ohne Zucker hinzuzuf\u00fcgen, und bewahren dabei die typischen Noten des Panamar Rum.<\/span><span style=\"font-weight: 400;\"><br \/>\n<\/span><span style=\"font-weight: 400;\">Unsere Panamar 18-Abf\u00fcllung beginnt mit der Auswahl der besten Melasse und reift achtzehn lange Jahre in Eichenf\u00e4ssern, die zuvor amerikanischen Bourbon enthielten.<\/span><\/p>\n<p><span style=\"font-weight: 400;\">Die Reise mit diesem Rum beginnt mit D\u00fcften von Vanille, Tanninen und ger\u00f6stetem Zucker, sie verbinden sich harmonisch mit Kokosnuss, Banane und Mandel, begleitet von zersto\u00dfenen Kakaonibs.\u00a0<\/span><\/p>","protected":false},"featured_media":5126,"comment_status":"closed","ping_status":"closed","template":"","meta":[],"product_brand":[],"product_cat":[71],"product_tag":[],"class_list":{"0":"post-4418","1":"product","2":"type-product","3":"status-publish","4":"has-post-thumbnail","6":"product_cat-rum","8":"first","9":"instock","10":"taxable","11":"shipping-taxable","12":"purchasable","13":"product-type-simple"},"yoast_head":"<!-- This site is optimized with the Yoast SEO plugin v24.7 - https:\/\/yoast.com\/wordpress\/plugins\/seo\/ -->\n<title>Panamar Rum 18 Years - Ipanema Spirits<\/title>\n<meta name=\"robots\" content=\"index, follow, max-snippet:-1, max-image-preview:large, max-video-preview:-1\" \/>\n<link rel=\"canonical\" href=\"https:\/\/ipanema-spirits.com\/de\/shop\/product\/panamar-18-years\/\" \/>\n<meta property=\"og:locale\" content=\"de_DE\" \/>\n<meta property=\"og:type\" content=\"article\" \/>\n<meta property=\"og:title\" content=\"Panamar Rum 18 Years - Ipanema Spirits\" \/>\n<meta property=\"og:description\" content=\"700ml \/ (\u20ac71,29 \/ 1 L) Inkl. 19% Mwst. \/ zzgl. Versandkosten \/ kostenlose Lieferung ab 60\u20ac Lieferung 2-3 Werktage  Wir bringen traditionelles panamaisches Handwerk auf einzigartige Weise zum Ausdruck, ohne Zucker hinzuzuf\u00fcgen, und bewahren dabei die typischen Noten des Panamar Rum. Unsere Panamar 18-Abf\u00fcllung beginnt mit der Auswahl der besten Melasse und reift achtzehn lange Jahre in Eichenf\u00e4ssern, die zuvor amerikanischen Bourbon enthielten.  Die Reise mit diesem Rum beginnt mit D\u00fcften von Vanille, Tanninen und ger\u00f6stetem Zucker, sie verbinden sich harmonisch mit Kokosnuss, Banane und Mandel, begleitet von zersto\u00dfenen Kakaonibs.\u00a0\" \/>\n<meta property=\"og:url\" content=\"https:\/\/ipanema-spirits.com\/de\/shop\/product\/panamar-18-years\/\" \/>\n<meta property=\"og:site_name\" content=\"Ipanema Spirits\" \/>\n<meta property=\"article:modified_time\" content=\"2025-12-09T09:59:12+00:00\" \/>\n<meta property=\"og:image\" content=\"https:\/\/ipanema-spirits.com\/wp-content\/uploads\/2024\/11\/panamar-18.webp\" \/>\n\t<meta property=\"og:image:width\" content=\"1080\" \/>\n\t<meta property=\"og:image:height\" content=\"1350\" \/>\n\t<meta property=\"og:image:type\" content=\"image\/webp\" \/>\n<meta name=\"twitter:card\" content=\"summary_large_image\" \/>\n<meta name=\"twitter:label1\" content=\"Gesch\u00e4tzte Lesezeit\" \/>\n\t<meta name=\"twitter:data1\" content=\"1\u00a0Minute\" \/>\n<script type=\"application\/ld+json\" class=\"yoast-schema-graph\">{\"@context\":\"https:\/\/schema.org\",\"@graph\":[{\"@type\":\"WebPage\",\"@id\":\"https:\/\/ipanema-spirits.com\/shop\/product\/panamar-18-years\/\",\"url\":\"https:\/\/ipanema-spirits.com\/shop\/product\/panamar-18-years\/\",\"name\":\"Panamar Rum 18 Years - Ipanema Spirits\",\"isPartOf\":{\"@id\":\"https:\/\/ipanema-spirits.com\/#website\"},\"primaryImageOfPage\":{\"@id\":\"https:\/\/ipanema-spirits.com\/shop\/product\/panamar-18-years\/#primaryimage\"},\"image\":{\"@id\":\"https:\/\/ipanema-spirits.com\/shop\/product\/panamar-18-years\/#primaryimage\"},\"thumbnailUrl\":\"https:\/\/ipanema-spirits.com\/wp-content\/uploads\/2024\/11\/panamar-18.webp\",\"datePublished\":\"2024-08-31T10:20:07+00:00\",\"dateModified\":\"2025-12-09T09:59:12+00:00\",\"breadcrumb\":{\"@id\":\"https:\/\/ipanema-spirits.com\/shop\/product\/panamar-18-years\/#breadcrumb\"},\"inLanguage\":\"de\",\"potentialAction\":[{\"@type\":\"ReadAction\",\"target\":[\"https:\/\/ipanema-spirits.com\/shop\/product\/panamar-18-years\/\"]}]},{\"@type\":\"ImageObject\",\"inLanguage\":\"de\",\"@id\":\"https:\/\/ipanema-spirits.com\/shop\/product\/panamar-18-years\/#primaryimage\",\"url\":\"https:\/\/ipanema-spirits.com\/wp-content\/uploads\/2024\/11\/panamar-18.webp\",\"contentUrl\":\"https:\/\/ipanema-spirits.com\/wp-content\/uploads\/2024\/11\/panamar-18.webp\",\"width\":1080,\"height\":1350},{\"@type\":\"BreadcrumbList\",\"@id\":\"https:\/\/ipanema-spirits.com\/shop\/product\/panamar-18-years\/#breadcrumb\",\"itemListElement\":[{\"@type\":\"ListItem\",\"position\":1,\"name\":\"In\u00edcio\",\"item\":\"https:\/\/ipanema-spirits.com\/\"},{\"@type\":\"ListItem\",\"position\":2,\"name\":\"Shop\",\"item\":\"https:\/\/ipanema-spirits.com\/de\/?page_id=4218\"},{\"@type\":\"ListItem\",\"position\":3,\"name\":\"Panamar Rum 18 Years\"}]},{\"@type\":\"WebSite\",\"@id\":\"https:\/\/ipanema-spirits.com\/#website\",\"url\":\"https:\/\/ipanema-spirits.com\/\",\"name\":\"Conviva Engenharia\",\"description\":\"Exclusive, Unique, High Quality\",\"publisher\":{\"@id\":\"https:\/\/ipanema-spirits.com\/#organization\"},\"potentialAction\":[{\"@type\":\"SearchAction\",\"target\":{\"@type\":\"EntryPoint\",\"urlTemplate\":\"https:\/\/ipanema-spirits.com\/?s={search_term_string}\"},\"query-input\":{\"@type\":\"PropertyValueSpecification\",\"valueRequired\":true,\"valueName\":\"search_term_string\"}}],\"inLanguage\":\"de\"},{\"@type\":\"Organization\",\"@id\":\"https:\/\/ipanema-spirits.com\/#organization\",\"name\":\"Conviva Engenharia\",\"url\":\"https:\/\/ipanema-spirits.com\/\",\"logo\":{\"@type\":\"ImageObject\",\"inLanguage\":\"de\",\"@id\":\"https:\/\/ipanema-spirits.com\/#\/schema\/logo\/image\/\",\"url\":\"https:\/\/ipanema.idlab.art.br\/wp-content\/uploads\/2024\/05\/favicon.svg\",\"contentUrl\":\"https:\/\/ipanema.idlab.art.br\/wp-content\/uploads\/2024\/05\/favicon.svg\",\"width\":512,\"height\":512,\"caption\":\"Conviva Engenharia\"},\"image\":{\"@id\":\"https:\/\/ipanema-spirits.com\/#\/schema\/logo\/image\/\"}}]}<\/script>\n<!-- \/ Yoast SEO plugin. -->","yoast_head_json":{"title":"Panamar Rum 18 Years - Ipanema Spirits","robots":{"index":"index","follow":"follow","max-snippet":"max-snippet:-1","max-image-preview":"max-image-preview:large","max-video-preview":"max-video-preview:-1"},"canonical":"https:\/\/ipanema-spirits.com\/de\/shop\/product\/panamar-18-years\/","og_locale":"de_DE","og_type":"article","og_title":"Panamar Rum 18 Years - Ipanema Spirits","og_description":"700ml \/ (\u20ac71,29 \/ 1 L) Inkl. 19% Mwst. \/ zzgl. Versandkosten \/ kostenlose Lieferung ab 60\u20ac Lieferung 2-3 Werktage  Wir bringen traditionelles panamaisches Handwerk auf einzigartige Weise zum Ausdruck, ohne Zucker hinzuzuf\u00fcgen, und bewahren dabei die typischen Noten des Panamar Rum. Unsere Panamar 18-Abf\u00fcllung beginnt mit der Auswahl der besten Melasse und reift achtzehn lange Jahre in Eichenf\u00e4ssern, die zuvor amerikanischen Bourbon enthielten.  Die Reise mit diesem Rum beginnt mit D\u00fcften von Vanille, Tanninen und ger\u00f6stetem Zucker, sie verbinden sich harmonisch mit Kokosnuss, Banane und Mandel, begleitet von zersto\u00dfenen Kakaonibs.\u00a0","og_url":"https:\/\/ipanema-spirits.com\/de\/shop\/product\/panamar-18-years\/","og_site_name":"Ipanema Spirits","article_modified_time":"2025-12-09T09:59:12+00:00","og_image":[{"width":1080,"height":1350,"url":"https:\/\/ipanema-spirits.com\/wp-content\/uploads\/2024\/11\/panamar-18.webp","type":"image\/webp"}],"twitter_card":"summary_large_image","twitter_misc":{"Gesch\u00e4tzte Lesezeit":"1\u00a0Minute"},"schema":{"@context":"https:\/\/schema.org","@graph":[{"@type":"WebPage","@id":"https:\/\/ipanema-spirits.com\/shop\/product\/panamar-18-years\/","url":"https:\/\/ipanema-spirits.com\/shop\/product\/panamar-18-years\/","name":"Panamar Rum 18 Years - Ipanema Spirits","isPartOf":{"@id":"https:\/\/ipanema-spirits.com\/#website"},"primaryImageOfPage":{"@id":"https:\/\/ipanema-spirits.com\/shop\/product\/panamar-18-years\/#primaryimage"},"image":{"@id":"https:\/\/ipanema-spirits.com\/shop\/product\/panamar-18-years\/#primaryimage"},"thumbnailUrl":"https:\/\/ipanema-spirits.com\/wp-content\/uploads\/2024\/11\/panamar-18.webp","datePublished":"2024-08-31T10:20:07+00:00","dateModified":"2025-12-09T09:59:12+00:00","breadcrumb":{"@id":"https:\/\/ipanema-spirits.com\/shop\/product\/panamar-18-years\/#breadcrumb"},"inLanguage":"de","potentialAction":[{"@type":"ReadAction","target":["https:\/\/ipanema-spirits.com\/shop\/product\/panamar-18-years\/"]}]},{"@type":"ImageObject","inLanguage":"de","@id":"https:\/\/ipanema-spirits.com\/shop\/product\/panamar-18-years\/#primaryimage","url":"https:\/\/ipanema-spirits.com\/wp-content\/uploads\/2024\/11\/panamar-18.webp","contentUrl":"https:\/\/ipanema-spirits.com\/wp-content\/uploads\/2024\/11\/panamar-18.webp","width":1080,"height":1350},{"@type":"BreadcrumbList","@id":"https:\/\/ipanema-spirits.com\/shop\/product\/panamar-18-years\/#breadcrumb","itemListElement":[{"@type":"ListItem","position":1,"name":"In\u00edcio","item":"https:\/\/ipanema-spirits.com\/"},{"@type":"ListItem","position":2,"name":"Shop","item":"https:\/\/ipanema-spirits.com\/de\/?page_id=4218"},{"@type":"ListItem","position":3,"name":"Panamar Rum 18 Years"}]},{"@type":"WebSite","@id":"https:\/\/ipanema-spirits.com\/#website","url":"https:\/\/ipanema-spirits.com\/","name":"Conviva Engenharia","description":"Exclusive, Unique, High Quality","publisher":{"@id":"https:\/\/ipanema-spirits.com\/#organization"},"potentialAction":[{"@type":"SearchAction","target":{"@type":"EntryPoint","urlTemplate":"https:\/\/ipanema-spirits.com\/?s={search_term_string}"},"query-input":{"@type":"PropertyValueSpecification","valueRequired":true,"valueName":"search_term_string"}}],"inLanguage":"de"},{"@type":"Organization","@id":"https:\/\/ipanema-spirits.com\/#organization","name":"Conviva Engenharia","url":"https:\/\/ipanema-spirits.com\/","logo":{"@type":"ImageObject","inLanguage":"de","@id":"https:\/\/ipanema-spirits.com\/#\/schema\/logo\/image\/","url":"https:\/\/ipanema.idlab.art.br\/wp-content\/uploads\/2024\/05\/favicon.svg","contentUrl":"https:\/\/ipanema.idlab.art.br\/wp-content\/uploads\/2024\/05\/favicon.svg","width":512,"height":512,"caption":"Conviva Engenharia"},"image":{"@id":"https:\/\/ipanema-spirits.com\/#\/schema\/logo\/image\/"}}]}},"_links":{"self":[{"href":"https:\/\/ipanema-spirits.com\/de\/wp-json\/wp\/v2\/product\/4418","targetHints":{"allow":["GET"]}}],"collection":[{"href":"https:\/\/ipanema-spirits.com\/de\/wp-json\/wp\/v2\/product"}],"about":[{"href":"https:\/\/ipanema-spirits.com\/de\/wp-json\/wp\/v2\/types\/product"}],"replies":[{"embeddable":true,"href":"https:\/\/ipanema-spirits.com\/de\/wp-json\/wp\/v2\/comments?post=4418"}],"wp:featuredmedia":[{"embeddable":true,"href":"https:\/\/ipanema-spirits.com\/de\/wp-json\/wp\/v2\/media\/5126"}],"wp:attachment":[{"href":"https:\/\/ipanema-spirits.com\/de\/wp-json\/wp\/v2\/media?parent=4418"}],"wp:term":[{"taxonomy":"product_brand","embeddable":true,"href":"https:\/\/ipanema-spirits.com\/de\/wp-json\/wp\/v2\/product_brand?post=4418"},{"taxonomy":"product_cat","embeddable":true,"href":"https:\/\/ipanema-spirits.com\/de\/wp-json\/wp\/v2\/product_cat?post=4418"},{"taxonomy":"product_tag","embeddable":true,"href":"https:\/\/ipanema-spirits.com\/de\/wp-json\/wp\/v2\/product_tag?post=4418"}],"curies":[{"name":"wp","href":"https:\/\/api.w.org\/{rel}","templated":true}]}}