{"id":4227,"date":"2024-08-27T11:18:47","date_gmt":"2024-08-27T14:18:47","guid":{"rendered":"https:\/\/darkgoldenrod-duck-705057.hostingersite.com\/?post_type=product&#038;p=4227"},"modified":"2025-12-09T11:00:50","modified_gmt":"2025-12-09T10:00:50","slug":"panamar-anejo-blanco","status":"publish","type":"product","link":"https:\/\/ipanema-spirits.com\/de\/shop\/product\/panamar-anejo-blanco\/","title":{"rendered":"Panamar Rum Anejo Blanco &#8211; 1 Year"},"content":{"rendered":"<p><b>Verkosternotiz:<br \/>\n<\/b><b>Farbe:<\/b><span style=\"font-weight: 400;\"> Leicht Bernstein.<\/span><span style=\"font-weight: 400;\"><br \/>\n<\/span><b>Nase:<\/b><span style=\"font-weight: 400;\"> Tropische Fr\u00fcchte, Jasminbl\u00fcten, Vanille.<\/span><span style=\"font-weight: 400;\"><br \/>\n<\/span><b>Geschmack:<\/b><span style=\"font-weight: 400;\"> Weich, angenehm, tropische Fr\u00fcchte, frisches Zuckerrohr, Bananen, Vanille.<\/span><span style=\"font-weight: 400;\"><br \/>\n<\/span><b>Abgang:<\/b><span style=\"font-weight: 400;\"> Lang anhaltend.<br \/>\n<\/span><b>Alkoholgehalt<\/b><span style=\"font-weight: 400;\">: 39%<\/span><\/p>","protected":false},"excerpt":{"rendered":"<div class=\"page\" title=\"Page 5\">\n<div class=\"layoutArea\">\n<div class=\"column\">\n<p><strong>700ml \/ (\u20ac27,00 \/ 1 L)<br \/>\nInkl. 19% Mwst. \/ zzgl. Versandkosten \/ kostenlose Lieferung ab 60\u20ac<\/strong><br \/>\n<strong>Lieferung 2-3 Werktage<\/strong><\/p>\n<p><span style=\"font-weight: 400;\">Unser Panamar 1 Jahr Anejo Blanco beginnt mit der Auswahl der besten Melasse und reift ein Jahr lang in Eichenf\u00e4ssern, die zuvor amerikanischen Bourbon enthielten.<\/span><\/p>\n<p><span style=\"font-weight: 400;\">Panamar Anejo Blanco Expression besticht durch subtile tropische Aromen von Gardenien und Jasmin, die harmonisch mit einem Hauch von frischem gr\u00fcnem Zuckerrohr ausbalanciert sind. Die Geschmacksnoten sind weich und angenehm, gepr\u00e4gt von tropischen Fr\u00fcchten, frischem Zuckerrohr, Bananen und Vanille. Der trockene Abgang enth\u00fcllt Nuancen von wei\u00dfem Pfeffer, Zimt und Pistazien. In der Nase entfalten sich intensive D\u00fcfte von tropischen Fr\u00fcchten, Jasminbl\u00fcten und Vanille.<\/span><\/p>\n<p><span style=\"font-weight: 400;\">Der frische Panamar Rum Anejo Blanco eignet ideal f\u00fcr den perfekten Mojito und Rum &amp; Cola.<\/span><\/p>\n<p>&nbsp;<\/p>\n<\/div>\n<\/div>\n<\/div>","protected":false},"featured_media":5122,"comment_status":"closed","ping_status":"closed","template":"","meta":[],"product_brand":[],"product_cat":[71],"product_tag":[],"class_list":{"0":"post-4227","1":"product","2":"type-product","3":"status-publish","4":"has-post-thumbnail","6":"product_cat-rum","8":"first","9":"instock","10":"taxable","11":"shipping-taxable","12":"purchasable","13":"product-type-simple"},"yoast_head":"<!-- This site is optimized with the Yoast SEO plugin v24.7 - https:\/\/yoast.com\/wordpress\/plugins\/seo\/ -->\n<title>Panamar Rum Anejo Blanco - 1 Year - Ipanema Spirits<\/title>\n<meta name=\"robots\" content=\"index, follow, max-snippet:-1, max-image-preview:large, max-video-preview:-1\" \/>\n<link rel=\"canonical\" href=\"https:\/\/ipanema-spirits.com\/de\/shop\/product\/panamar-anejo-blanco\/\" \/>\n<meta property=\"og:locale\" content=\"de_DE\" \/>\n<meta property=\"og:type\" content=\"article\" \/>\n<meta property=\"og:title\" content=\"Panamar Rum Anejo Blanco - 1 Year - Ipanema Spirits\" \/>\n<meta property=\"og:description\" content=\"700ml \/ (\u20ac27,00 \/ 1 L) Inkl. 19% Mwst. \/ zzgl. Versandkosten \/ kostenlose Lieferung ab 60\u20ac Lieferung 2-3 Werktage  Unser Panamar 1 Jahr Anejo Blanco beginnt mit der Auswahl der besten Melasse und reift ein Jahr lang in Eichenf\u00e4ssern, die zuvor amerikanischen Bourbon enthielten.  Panamar Anejo Blanco Expression besticht durch subtile tropische Aromen von Gardenien und Jasmin, die harmonisch mit einem Hauch von frischem gr\u00fcnem Zuckerrohr ausbalanciert sind. Die Geschmacksnoten sind weich und angenehm, gepr\u00e4gt von tropischen Fr\u00fcchten, frischem Zuckerrohr, Bananen und Vanille. Der trockene Abgang enth\u00fcllt Nuancen von wei\u00dfem Pfeffer, Zimt und Pistazien. In der Nase entfalten sich intensive D\u00fcfte von tropischen Fr\u00fcchten, Jasminbl\u00fcten und Vanille.  Der frische Panamar Rum Anejo Blanco eignet ideal f\u00fcr den perfekten Mojito und Rum &amp; Cola.  &nbsp;\" \/>\n<meta property=\"og:url\" content=\"https:\/\/ipanema-spirits.com\/de\/shop\/product\/panamar-anejo-blanco\/\" \/>\n<meta property=\"og:site_name\" content=\"Ipanema Spirits\" \/>\n<meta property=\"article:modified_time\" content=\"2025-12-09T10:00:50+00:00\" \/>\n<meta property=\"og:image\" content=\"https:\/\/ipanema-spirits.com\/wp-content\/uploads\/2024\/11\/panamar-1.webp\" \/>\n\t<meta property=\"og:image:width\" content=\"1080\" \/>\n\t<meta property=\"og:image:height\" content=\"1350\" \/>\n\t<meta property=\"og:image:type\" content=\"image\/webp\" \/>\n<meta name=\"twitter:card\" content=\"summary_large_image\" \/>\n<meta name=\"twitter:label1\" content=\"Gesch\u00e4tzte Lesezeit\" \/>\n\t<meta name=\"twitter:data1\" content=\"1\u00a0Minute\" \/>\n<script type=\"application\/ld+json\" class=\"yoast-schema-graph\">{\"@context\":\"https:\/\/schema.org\",\"@graph\":[{\"@type\":\"WebPage\",\"@id\":\"https:\/\/ipanema-spirits.com\/shop\/product\/panamar-anejo-blanco\/\",\"url\":\"https:\/\/ipanema-spirits.com\/shop\/product\/panamar-anejo-blanco\/\",\"name\":\"Panamar Rum Anejo Blanco - 1 Year - Ipanema Spirits\",\"isPartOf\":{\"@id\":\"https:\/\/ipanema-spirits.com\/#website\"},\"primaryImageOfPage\":{\"@id\":\"https:\/\/ipanema-spirits.com\/shop\/product\/panamar-anejo-blanco\/#primaryimage\"},\"image\":{\"@id\":\"https:\/\/ipanema-spirits.com\/shop\/product\/panamar-anejo-blanco\/#primaryimage\"},\"thumbnailUrl\":\"https:\/\/ipanema-spirits.com\/wp-content\/uploads\/2024\/11\/panamar-1.webp\",\"datePublished\":\"2024-08-27T14:18:47+00:00\",\"dateModified\":\"2025-12-09T10:00:50+00:00\",\"breadcrumb\":{\"@id\":\"https:\/\/ipanema-spirits.com\/shop\/product\/panamar-anejo-blanco\/#breadcrumb\"},\"inLanguage\":\"de\",\"potentialAction\":[{\"@type\":\"ReadAction\",\"target\":[\"https:\/\/ipanema-spirits.com\/shop\/product\/panamar-anejo-blanco\/\"]}]},{\"@type\":\"ImageObject\",\"inLanguage\":\"de\",\"@id\":\"https:\/\/ipanema-spirits.com\/shop\/product\/panamar-anejo-blanco\/#primaryimage\",\"url\":\"https:\/\/ipanema-spirits.com\/wp-content\/uploads\/2024\/11\/panamar-1.webp\",\"contentUrl\":\"https:\/\/ipanema-spirits.com\/wp-content\/uploads\/2024\/11\/panamar-1.webp\",\"width\":1080,\"height\":1350},{\"@type\":\"BreadcrumbList\",\"@id\":\"https:\/\/ipanema-spirits.com\/shop\/product\/panamar-anejo-blanco\/#breadcrumb\",\"itemListElement\":[{\"@type\":\"ListItem\",\"position\":1,\"name\":\"In\u00edcio\",\"item\":\"https:\/\/ipanema-spirits.com\/\"},{\"@type\":\"ListItem\",\"position\":2,\"name\":\"Shop\",\"item\":\"https:\/\/ipanema-spirits.com\/de\/?page_id=4218\"},{\"@type\":\"ListItem\",\"position\":3,\"name\":\"Panamar Rum Anejo Blanco &#8211; 1 Year\"}]},{\"@type\":\"WebSite\",\"@id\":\"https:\/\/ipanema-spirits.com\/#website\",\"url\":\"https:\/\/ipanema-spirits.com\/\",\"name\":\"Conviva Engenharia\",\"description\":\"Exclusive, Unique, High Quality\",\"publisher\":{\"@id\":\"https:\/\/ipanema-spirits.com\/#organization\"},\"potentialAction\":[{\"@type\":\"SearchAction\",\"target\":{\"@type\":\"EntryPoint\",\"urlTemplate\":\"https:\/\/ipanema-spirits.com\/?s={search_term_string}\"},\"query-input\":{\"@type\":\"PropertyValueSpecification\",\"valueRequired\":true,\"valueName\":\"search_term_string\"}}],\"inLanguage\":\"de\"},{\"@type\":\"Organization\",\"@id\":\"https:\/\/ipanema-spirits.com\/#organization\",\"name\":\"Conviva Engenharia\",\"url\":\"https:\/\/ipanema-spirits.com\/\",\"logo\":{\"@type\":\"ImageObject\",\"inLanguage\":\"de\",\"@id\":\"https:\/\/ipanema-spirits.com\/#\/schema\/logo\/image\/\",\"url\":\"https:\/\/ipanema.idlab.art.br\/wp-content\/uploads\/2024\/05\/favicon.svg\",\"contentUrl\":\"https:\/\/ipanema.idlab.art.br\/wp-content\/uploads\/2024\/05\/favicon.svg\",\"width\":512,\"height\":512,\"caption\":\"Conviva Engenharia\"},\"image\":{\"@id\":\"https:\/\/ipanema-spirits.com\/#\/schema\/logo\/image\/\"}}]}<\/script>\n<!-- \/ Yoast SEO plugin. -->","yoast_head_json":{"title":"Panamar Rum Anejo Blanco - 1 Year - Ipanema Spirits","robots":{"index":"index","follow":"follow","max-snippet":"max-snippet:-1","max-image-preview":"max-image-preview:large","max-video-preview":"max-video-preview:-1"},"canonical":"https:\/\/ipanema-spirits.com\/de\/shop\/product\/panamar-anejo-blanco\/","og_locale":"de_DE","og_type":"article","og_title":"Panamar Rum Anejo Blanco - 1 Year - Ipanema Spirits","og_description":"700ml \/ (\u20ac27,00 \/ 1 L) Inkl. 19% Mwst. \/ zzgl. Versandkosten \/ kostenlose Lieferung ab 60\u20ac Lieferung 2-3 Werktage  Unser Panamar 1 Jahr Anejo Blanco beginnt mit der Auswahl der besten Melasse und reift ein Jahr lang in Eichenf\u00e4ssern, die zuvor amerikanischen Bourbon enthielten.  Panamar Anejo Blanco Expression besticht durch subtile tropische Aromen von Gardenien und Jasmin, die harmonisch mit einem Hauch von frischem gr\u00fcnem Zuckerrohr ausbalanciert sind. Die Geschmacksnoten sind weich und angenehm, gepr\u00e4gt von tropischen Fr\u00fcchten, frischem Zuckerrohr, Bananen und Vanille. Der trockene Abgang enth\u00fcllt Nuancen von wei\u00dfem Pfeffer, Zimt und Pistazien. In der Nase entfalten sich intensive D\u00fcfte von tropischen Fr\u00fcchten, Jasminbl\u00fcten und Vanille.  Der frische Panamar Rum Anejo Blanco eignet ideal f\u00fcr den perfekten Mojito und Rum &amp; Cola.  &nbsp;","og_url":"https:\/\/ipanema-spirits.com\/de\/shop\/product\/panamar-anejo-blanco\/","og_site_name":"Ipanema Spirits","article_modified_time":"2025-12-09T10:00:50+00:00","og_image":[{"width":1080,"height":1350,"url":"https:\/\/ipanema-spirits.com\/wp-content\/uploads\/2024\/11\/panamar-1.webp","type":"image\/webp"}],"twitter_card":"summary_large_image","twitter_misc":{"Gesch\u00e4tzte Lesezeit":"1\u00a0Minute"},"schema":{"@context":"https:\/\/schema.org","@graph":[{"@type":"WebPage","@id":"https:\/\/ipanema-spirits.com\/shop\/product\/panamar-anejo-blanco\/","url":"https:\/\/ipanema-spirits.com\/shop\/product\/panamar-anejo-blanco\/","name":"Panamar Rum Anejo Blanco - 1 Year - Ipanema Spirits","isPartOf":{"@id":"https:\/\/ipanema-spirits.com\/#website"},"primaryImageOfPage":{"@id":"https:\/\/ipanema-spirits.com\/shop\/product\/panamar-anejo-blanco\/#primaryimage"},"image":{"@id":"https:\/\/ipanema-spirits.com\/shop\/product\/panamar-anejo-blanco\/#primaryimage"},"thumbnailUrl":"https:\/\/ipanema-spirits.com\/wp-content\/uploads\/2024\/11\/panamar-1.webp","datePublished":"2024-08-27T14:18:47+00:00","dateModified":"2025-12-09T10:00:50+00:00","breadcrumb":{"@id":"https:\/\/ipanema-spirits.com\/shop\/product\/panamar-anejo-blanco\/#breadcrumb"},"inLanguage":"de","potentialAction":[{"@type":"ReadAction","target":["https:\/\/ipanema-spirits.com\/shop\/product\/panamar-anejo-blanco\/"]}]},{"@type":"ImageObject","inLanguage":"de","@id":"https:\/\/ipanema-spirits.com\/shop\/product\/panamar-anejo-blanco\/#primaryimage","url":"https:\/\/ipanema-spirits.com\/wp-content\/uploads\/2024\/11\/panamar-1.webp","contentUrl":"https:\/\/ipanema-spirits.com\/wp-content\/uploads\/2024\/11\/panamar-1.webp","width":1080,"height":1350},{"@type":"BreadcrumbList","@id":"https:\/\/ipanema-spirits.com\/shop\/product\/panamar-anejo-blanco\/#breadcrumb","itemListElement":[{"@type":"ListItem","position":1,"name":"In\u00edcio","item":"https:\/\/ipanema-spirits.com\/"},{"@type":"ListItem","position":2,"name":"Shop","item":"https:\/\/ipanema-spirits.com\/de\/?page_id=4218"},{"@type":"ListItem","position":3,"name":"Panamar Rum Anejo Blanco &#8211; 1 Year"}]},{"@type":"WebSite","@id":"https:\/\/ipanema-spirits.com\/#website","url":"https:\/\/ipanema-spirits.com\/","name":"Conviva Engenharia","description":"Exclusive, Unique, High Quality","publisher":{"@id":"https:\/\/ipanema-spirits.com\/#organization"},"potentialAction":[{"@type":"SearchAction","target":{"@type":"EntryPoint","urlTemplate":"https:\/\/ipanema-spirits.com\/?s={search_term_string}"},"query-input":{"@type":"PropertyValueSpecification","valueRequired":true,"valueName":"search_term_string"}}],"inLanguage":"de"},{"@type":"Organization","@id":"https:\/\/ipanema-spirits.com\/#organization","name":"Conviva Engenharia","url":"https:\/\/ipanema-spirits.com\/","logo":{"@type":"ImageObject","inLanguage":"de","@id":"https:\/\/ipanema-spirits.com\/#\/schema\/logo\/image\/","url":"https:\/\/ipanema.idlab.art.br\/wp-content\/uploads\/2024\/05\/favicon.svg","contentUrl":"https:\/\/ipanema.idlab.art.br\/wp-content\/uploads\/2024\/05\/favicon.svg","width":512,"height":512,"caption":"Conviva Engenharia"},"image":{"@id":"https:\/\/ipanema-spirits.com\/#\/schema\/logo\/image\/"}}]}},"_links":{"self":[{"href":"https:\/\/ipanema-spirits.com\/de\/wp-json\/wp\/v2\/product\/4227","targetHints":{"allow":["GET"]}}],"collection":[{"href":"https:\/\/ipanema-spirits.com\/de\/wp-json\/wp\/v2\/product"}],"about":[{"href":"https:\/\/ipanema-spirits.com\/de\/wp-json\/wp\/v2\/types\/product"}],"replies":[{"embeddable":true,"href":"https:\/\/ipanema-spirits.com\/de\/wp-json\/wp\/v2\/comments?post=4227"}],"wp:featuredmedia":[{"embeddable":true,"href":"https:\/\/ipanema-spirits.com\/de\/wp-json\/wp\/v2\/media\/5122"}],"wp:attachment":[{"href":"https:\/\/ipanema-spirits.com\/de\/wp-json\/wp\/v2\/media?parent=4227"}],"wp:term":[{"taxonomy":"product_brand","embeddable":true,"href":"https:\/\/ipanema-spirits.com\/de\/wp-json\/wp\/v2\/product_brand?post=4227"},{"taxonomy":"product_cat","embeddable":true,"href":"https:\/\/ipanema-spirits.com\/de\/wp-json\/wp\/v2\/product_cat?post=4227"},{"taxonomy":"product_tag","embeddable":true,"href":"https:\/\/ipanema-spirits.com\/de\/wp-json\/wp\/v2\/product_tag?post=4227"}],"curies":[{"name":"wp","href":"https:\/\/api.w.org\/{rel}","templated":true}]}}